{"id":3002,"date":"2024-02-05T14:09:06","date_gmt":"2024-02-05T13:09:06","guid":{"rendered":"https:\/\/loreydulac.com\/caja-romantica\/"},"modified":"2024-03-04T15:27:26","modified_gmt":"2024-03-04T14:27:26","slug":"caja-romantica","status":"publish","type":"page","link":"https:\/\/loreydulac.com\/es\/caja-romantica\/","title":{"rendered":"Caja rom\u00e1ntica"},"content":{"rendered":"<p><div class=\"fusion-fullwidth fullwidth-box fusion-builder-row-1 fusion-flex-container has-pattern-background has-mask-background nonhundred-percent-fullwidth non-hundred-percent-height-scrolling\" style=\"--awb-background-position:left center;--awb-border-radius-top-left:0px;--awb-border-radius-top-right:0px;--awb-border-radius-bottom-right:0px;--awb-border-radius-bottom-left:0px;--awb-padding-top:30px;--awb-padding-bottom:0px;--awb-padding-top-medium:90px;--awb-padding-bottom-medium:90px;--awb-margin-bottom:0px;--awb-background-color:var(--awb-color1);--awb-flex-wrap:wrap;\" ><div class=\"fusion-builder-row fusion-row fusion-flex-align-items-flex-start fusion-flex-justify-content-center fusion-flex-content-wrap\" style=\"max-width:calc( 1200px + 0px );margin-left: calc(-0px \/ 2 );margin-right: calc(-0px \/ 2 );\"><div class=\"fusion-layout-column fusion_builder_column fusion-builder-column-0 fusion_builder_column_1_1 1_1 fusion-flex-column fusion-animated\" style=\"--awb-bg-size:cover;--awb-width-large:100%;--awb-margin-top-large:0px;--awb-spacing-right-large:0px;--awb-margin-bottom-large:90px;--awb-spacing-left-large:0px;--awb-width-medium:100%;--awb-order-medium:0;--awb-spacing-right-medium:0px;--awb-spacing-left-medium:0px;--awb-width-small:100%;--awb-order-small:0;--awb-spacing-right-small:0px;--awb-margin-bottom-small:68px;--awb-spacing-left-small:0px;\" data-animationType=\"fadeInDown\" data-animationDuration=\"0.8\" data-animationDelay=\"0.2\" data-animationOffset=\"top-into-view\"><div class=\"fusion-column-wrapper fusion-column-has-shadow fusion-flex-justify-content-flex-start fusion-content-layout-column\"><div class=\"fusion-title title fusion-title-1 fusion-sep-none fusion-title-center fusion-title-text fusion-title-size-one\" style=\"--awb-text-color:var(--awb-color8);--awb-margin-bottom-small:20px;\"><h1 class=\"fusion-title-heading title-heading-center\" style=\"margin:0;\"><h1>Caja rom\u00e1ntica 50<\/h1><\/h1><\/div><div class=\"fusion-text fusion-text-1 fusion-no-small-visibility fusion-text-no-margin\" style=\"--awb-content-alignment:center;\"><p>Cuando haga su<a href=\"\/disponibilites-2\/\">reserva<\/a><a href=\"\/disponibilites-2\/\"> en l\u00ednea<\/a>&nbsp;&nbsp; o se ponga en contacto con nosotros por<a href=\"https:\/\/loreydulac.com\/es\/pongase-en-contacto-con-nosotros\/\">correo electr\u00f3nico<\/a>&nbsp;<a href=\"https:\/\/loreydulac.com\/es\/pongase-en-contacto-con-nosotros\/\"><u><br \/>\n  <a href=\"https:\/\/loreydulac.com\/es\/pongase-en-contacto-con-nosotros\/\">,<\/a><br \/>\n<\/u>&nbsp;puede encargar comidas preparadas.<\/a><\/p>\n<p>Para pedir su Caja Rom\u00e1ntica, le rogamos que la reserve al menos&nbsp;<strong>&nbsp; 5<\/strong>&nbsp;<strong>&nbsp; d\u00edas<\/strong>antes de su estancia.<\/p>\n<\/div><\/div><\/div><\/div><\/div><div class=\"fusion-fullwidth fullwidth-box fusion-builder-row-2 fusion-flex-container has-pattern-background has-mask-background nonhundred-percent-fullwidth non-hundred-percent-height-scrolling\" style=\"--awb-background-position:left center;--awb-border-radius-top-left:0px;--awb-border-radius-top-right:0px;--awb-border-radius-bottom-right:0px;--awb-border-radius-bottom-left:0px;--awb-padding-top:20px;--awb-padding-bottom:130px;--awb-padding-top-medium:90px;--awb-padding-bottom-medium:90px;--awb-margin-top:0px;--awb-background-color:var(--awb-color1);--awb-flex-wrap:wrap;\" ><div class=\"fusion-builder-row fusion-row fusion-flex-align-items-flex-start fusion-flex-justify-content-center fusion-flex-content-wrap\" style=\"max-width:calc( 1200px + 0px );margin-left: calc(-0px \/ 2 );margin-right: calc(-0px \/ 2 );\"><div class=\"fusion-layout-column fusion_builder_column fusion-builder-column-1 fusion_builder_column_1_1 1_1 fusion-flex-column\" style=\"--awb-bg-size:cover;--awb-width-large:100%;--awb-margin-top-large:0px;--awb-spacing-right-large:0px;--awb-margin-bottom-large:20px;--awb-spacing-left-large:0px;--awb-width-medium:100%;--awb-order-medium:0;--awb-spacing-right-medium:0px;--awb-spacing-left-medium:0px;--awb-width-small:100%;--awb-order-small:0;--awb-spacing-right-small:0px;--awb-spacing-left-small:0px;\"><div class=\"fusion-column-wrapper fusion-column-has-shadow fusion-flex-justify-content-flex-start fusion-content-layout-column\"><div class=\"fusion-section-separator section-separator curved fusion-section-separator-1\" style=\"--awb-spacer-height:30px;--awb-divider-height:30px;--awb-spacer-padding-top:inherit;--awb-sep-padding:0;--awb-svg-padding:0;\"><div class=\"fusion-section-separator-svg\"><svg class=\"fusion-curved-candy\" xmlns=\"http:\/\/www.w3.org\/2000\/svg\" version=\"1.1\" width=\"100%\" height=\"100\" viewBox=\"0 0 100 100\" preserveAspectRatio=\"none\" fill=\"rgba(101,189,125,1)\"><path d=\"M0 0 C 20 100 50 100 100 0 Z\"><\/path><\/svg><\/div><div class=\"fusion-section-separator-spacer\"><div class=\"fusion-section-separator-spacer-height\"><\/div><\/div><\/div><\/div><\/div><div class=\"fusion-layout-column fusion_builder_column fusion-builder-column-2 fusion_builder_column_1_2 1_2 fusion-flex-column fusion-flex-align-self-center\" style=\"--awb-bg-size:cover;--awb-width-large:50%;--awb-margin-top-large:0px;--awb-spacing-right-large:0px;--awb-margin-bottom-large:0px;--awb-spacing-left-large:0px;--awb-width-medium:50%;--awb-order-medium:0;--awb-spacing-right-medium:0px;--awb-spacing-left-medium:0px;--awb-width-small:100%;--awb-order-small:0;--awb-spacing-right-small:0px;--awb-spacing-left-small:0px;\"><div class=\"fusion-column-wrapper fusion-column-has-shadow fusion-flex-justify-content-flex-start fusion-content-layout-column\"><div class=\"fusion-image-element \" style=\"--awb-aspect-ratio:1 \/ 1;--awb-caption-title-font-family:var(--h2_typography-font-family);--awb-caption-title-font-weight:var(--h2_typography-font-weight);--awb-caption-title-font-style:var(--h2_typography-font-style);--awb-caption-title-size:var(--h2_typography-font-size);--awb-caption-title-transform:var(--h2_typography-text-transform);--awb-caption-title-line-height:var(--h2_typography-line-height);--awb-caption-title-letter-spacing:var(--h2_typography-letter-spacing);\"><span class=\" fusion-imageframe imageframe-none imageframe-1 hover-type-none has-aspect-ratio\"><img decoding=\"async\" width=\"768\" height=\"1024\" title=\"box-romantique\" src=\"https:\/\/loreydulac.com\/wp-content\/uploads\/2024\/02\/box-romantique.jpg\" class=\"img-responsive wp-image-2550 img-with-aspect-ratio\" alt srcset=\"https:\/\/loreydulac.com\/wp-content\/uploads\/2024\/02\/box-romantique-200x267.jpg 200w, https:\/\/loreydulac.com\/wp-content\/uploads\/2024\/02\/box-romantique-400x533.jpg 400w, https:\/\/loreydulac.com\/wp-content\/uploads\/2024\/02\/box-romantique-600x800.jpg 600w, https:\/\/loreydulac.com\/wp-content\/uploads\/2024\/02\/box-romantique.jpg 768w\" sizes=\"(max-width: 640px) 100vw, 768px\" \/><\/span><\/div><\/div><\/div><div class=\"fusion-layout-column fusion_builder_column fusion-builder-column-3 fusion_builder_column_1_2 1_2 fusion-flex-column fusion-flex-align-self-center\" style=\"--awb-z-index:99999;--awb-padding-top:90px;--awb-padding-right:90px;--awb-padding-bottom:90px;--awb-padding-left:90px;--awb-padding-top-medium:60px;--awb-padding-right-medium:60px;--awb-padding-bottom-medium:60px;--awb-padding-left-medium:60px;--awb-bg-color:var(--awb-color2);--awb-bg-color-hover:var(--awb-color2);--awb-bg-size:cover;--awb-width-large:50%;--awb-margin-top-large:0px;--awb-spacing-right-large:0px;--awb-margin-bottom-large:0px;--awb-spacing-left-large:-50px;--awb-width-medium:50%;--awb-order-medium:0;--awb-spacing-right-medium:0px;--awb-spacing-left-medium:-50px;--awb-width-small:100%;--awb-order-small:0;--awb-spacing-right-small:0px;--awb-spacing-left-small:0px;\"><div class=\"fusion-column-wrapper fusion-column-has-shadow fusion-flex-justify-content-flex-start fusion-content-layout-column\"><div class=\"fusion-text fusion-text-2 fusion-text-no-margin\" style=\"--awb-margin-right:20%;\"><p><strong>Composici\u00f3n:<\/strong><\/p>\n<ul type=\"disc\">\n<li>Una rosa estabilizada (eterna)<\/li>\n<li>una botella de champ\u00e1n Milet-Govin &nbsp;\u00abR\u00e9serve Fleurie&nbsp;<\/li>\n<li>chocolate de les gourmandises de Nicolas<\/li>\n<li>p\u00e9talos de rosa (artificiales)<\/li>\n<li>tarjeta con mensaje personalizado<\/li>\n<\/ul>\n<p>&nbsp;<\/p>\n<p><em>La&nbsp; Box Romantique podr\u00e1 modificarse en funci\u00f3n de la disponibilidad de productos.&nbsp;<\/em><\/p>\n<p>&nbsp;<\/p>\n<p>&nbsp;<\/p>\n<p><em>&nbsp;(foto no contractual)<\/em><\/p>\n<\/div><\/div><\/div><\/div><\/div><\/p>\n","protected":false},"excerpt":{"rendered":"","protected":false},"author":1,"featured_media":0,"parent":0,"menu_order":0,"comment_status":"closed","ping_status":"closed","template":"100-width.php","meta":{"footnotes":""},"class_list":["post-3002","page","type-page","status-publish","hentry"],"yoast_head":"<!-- This site is optimized with the Yoast SEO Premium plugin v22.0 (Yoast SEO v26.5) - https:\/\/yoast.com\/wordpress\/plugins\/seo\/ -->\n<title>Box Romantique - Lo Rey du Lac<\/title>\n<meta name=\"description\" content=\"\u00bfLe apetece una noche rom\u00e1ntica en uno de nuestros alojamientos ins\u00f3litos? Reserva la caja rom\u00e1ntica.\" \/>\n<meta name=\"robots\" content=\"index, follow, max-snippet:-1, max-image-preview:large, max-video-preview:-1\" \/>\n<link rel=\"canonical\" href=\"https:\/\/loreydulac.com\/es\/caja-romantica\/\" \/>\n<meta property=\"og:locale\" content=\"es_ES\" \/>\n<meta property=\"og:type\" content=\"article\" \/>\n<meta property=\"og:title\" content=\"Caja rom\u00e1ntica\" \/>\n<meta property=\"og:description\" content=\"\u00bfLe apetece una noche rom\u00e1ntica en uno de nuestros alojamientos ins\u00f3litos? Reserva la caja rom\u00e1ntica.\" \/>\n<meta property=\"og:url\" content=\"https:\/\/loreydulac.com\/es\/caja-romantica\/\" \/>\n<meta property=\"og:site_name\" content=\"Lo Rey du Lac - H\u00e9bergements Insolites \u00e0 Hossegor\" \/>\n<meta property=\"article:publisher\" content=\"https:\/\/www.facebook.com\/loreydulac\" \/>\n<meta property=\"article:modified_time\" content=\"2024-03-04T14:27:26+00:00\" \/>\n<meta name=\"twitter:card\" content=\"summary_large_image\" \/>\n<meta name=\"twitter:label1\" content=\"Tiempo de lectura\" \/>\n\t<meta name=\"twitter:data1\" content=\"9 minutos\" \/>\n<script type=\"application\/ld+json\" class=\"yoast-schema-graph\">{\"@context\":\"https:\/\/schema.org\",\"@graph\":[{\"@type\":\"WebPage\",\"@id\":\"https:\/\/loreydulac.com\/es\/caja-romantica\/\",\"url\":\"https:\/\/loreydulac.com\/es\/caja-romantica\/\",\"name\":\"Box Romantique - Lo Rey du Lac\",\"isPartOf\":{\"@id\":\"https:\/\/loreydulac.com\/es\/#website\"},\"datePublished\":\"2024-02-05T13:09:06+00:00\",\"dateModified\":\"2024-03-04T14:27:26+00:00\",\"description\":\"\u00bfLe apetece una noche rom\u00e1ntica en uno de nuestros alojamientos ins\u00f3litos? Reserva la caja rom\u00e1ntica.\",\"breadcrumb\":{\"@id\":\"https:\/\/loreydulac.com\/es\/caja-romantica\/#breadcrumb\"},\"inLanguage\":\"es\",\"potentialAction\":[{\"@type\":\"ReadAction\",\"target\":[\"https:\/\/loreydulac.com\/es\/caja-romantica\/\"]}]},{\"@type\":\"BreadcrumbList\",\"@id\":\"https:\/\/loreydulac.com\/es\/caja-romantica\/#breadcrumb\",\"itemListElement\":[{\"@type\":\"ListItem\",\"position\":1,\"name\":\"Accueil\",\"item\":\"https:\/\/loreydulac.com\/es\/inicio\/\"},{\"@type\":\"ListItem\",\"position\":2,\"name\":\"Caja rom\u00e1ntica\"}]},{\"@type\":\"WebSite\",\"@id\":\"https:\/\/loreydulac.com\/es\/#website\",\"url\":\"https:\/\/loreydulac.com\/es\/\",\"name\":\"Lo Rey du Lac - H\u00e9bergements Insolites \u00e0 Hossegor\",\"description\":\"H\u00e9bergements Insolites nature depuis 2013\",\"publisher\":{\"@id\":\"https:\/\/loreydulac.com\/es\/#organization\"},\"potentialAction\":[{\"@type\":\"SearchAction\",\"target\":{\"@type\":\"EntryPoint\",\"urlTemplate\":\"https:\/\/loreydulac.com\/es\/?s={search_term_string}\"},\"query-input\":{\"@type\":\"PropertyValueSpecification\",\"valueRequired\":true,\"valueName\":\"search_term_string\"}}],\"inLanguage\":\"es\"},{\"@type\":[\"Organization\",\"Place\"],\"@id\":\"https:\/\/loreydulac.com\/es\/#organization\",\"name\":\"Lo Rey du Lac - H\u00e9bergements Insolites \u00e0 Hossegor\",\"url\":\"https:\/\/loreydulac.com\/es\/\",\"logo\":{\"@id\":\"https:\/\/loreydulac.com\/es\/caja-romantica\/#local-main-organization-logo\"},\"image\":{\"@id\":\"https:\/\/loreydulac.com\/es\/caja-romantica\/#local-main-organization-logo\"},\"sameAs\":[\"https:\/\/www.facebook.com\/loreydulac\",\"https:\/\/www.instagram.com\/loreydulac\/\"],\"telephone\":[],\"openingHoursSpecification\":[{\"@type\":\"OpeningHoursSpecification\",\"dayOfWeek\":[\"Monday\",\"Tuesday\",\"Wednesday\",\"Thursday\",\"Friday\",\"Saturday\",\"Sunday\"],\"opens\":\"09:00\",\"closes\":\"17:00\"}]},{\"@type\":\"ImageObject\",\"inLanguage\":\"es\",\"@id\":\"https:\/\/loreydulac.com\/es\/caja-romantica\/#local-main-organization-logo\",\"url\":\"https:\/\/loreydulac.com\/wp-content\/uploads\/2024\/02\/Logo.png\",\"contentUrl\":\"https:\/\/loreydulac.com\/wp-content\/uploads\/2024\/02\/Logo.png\",\"width\":500,\"height\":500,\"caption\":\"Lo Rey du Lac - H\u00e9bergements Insolites \u00e0 Hossegor\"}]}<\/script>\n<!-- \/ Yoast SEO Premium plugin. -->","yoast_head_json":{"title":"Box Romantique - Lo Rey du Lac","description":"\u00bfLe apetece una noche rom\u00e1ntica en uno de nuestros alojamientos ins\u00f3litos? Reserva la caja rom\u00e1ntica.","robots":{"index":"index","follow":"follow","max-snippet":"max-snippet:-1","max-image-preview":"max-image-preview:large","max-video-preview":"max-video-preview:-1"},"canonical":"https:\/\/loreydulac.com\/es\/caja-romantica\/","og_locale":"es_ES","og_type":"article","og_title":"Caja rom\u00e1ntica","og_description":"\u00bfLe apetece una noche rom\u00e1ntica en uno de nuestros alojamientos ins\u00f3litos? Reserva la caja rom\u00e1ntica.","og_url":"https:\/\/loreydulac.com\/es\/caja-romantica\/","og_site_name":"Lo Rey du Lac - H\u00e9bergements Insolites \u00e0 Hossegor","article_publisher":"https:\/\/www.facebook.com\/loreydulac","article_modified_time":"2024-03-04T14:27:26+00:00","twitter_card":"summary_large_image","twitter_misc":{"Tiempo de lectura":"9 minutos"},"schema":{"@context":"https:\/\/schema.org","@graph":[{"@type":"WebPage","@id":"https:\/\/loreydulac.com\/es\/caja-romantica\/","url":"https:\/\/loreydulac.com\/es\/caja-romantica\/","name":"Box Romantique - Lo Rey du Lac","isPartOf":{"@id":"https:\/\/loreydulac.com\/es\/#website"},"datePublished":"2024-02-05T13:09:06+00:00","dateModified":"2024-03-04T14:27:26+00:00","description":"\u00bfLe apetece una noche rom\u00e1ntica en uno de nuestros alojamientos ins\u00f3litos? Reserva la caja rom\u00e1ntica.","breadcrumb":{"@id":"https:\/\/loreydulac.com\/es\/caja-romantica\/#breadcrumb"},"inLanguage":"es","potentialAction":[{"@type":"ReadAction","target":["https:\/\/loreydulac.com\/es\/caja-romantica\/"]}]},{"@type":"BreadcrumbList","@id":"https:\/\/loreydulac.com\/es\/caja-romantica\/#breadcrumb","itemListElement":[{"@type":"ListItem","position":1,"name":"Accueil","item":"https:\/\/loreydulac.com\/es\/inicio\/"},{"@type":"ListItem","position":2,"name":"Caja rom\u00e1ntica"}]},{"@type":"WebSite","@id":"https:\/\/loreydulac.com\/es\/#website","url":"https:\/\/loreydulac.com\/es\/","name":"Lo Rey du Lac - H\u00e9bergements Insolites \u00e0 Hossegor","description":"H\u00e9bergements Insolites nature depuis 2013","publisher":{"@id":"https:\/\/loreydulac.com\/es\/#organization"},"potentialAction":[{"@type":"SearchAction","target":{"@type":"EntryPoint","urlTemplate":"https:\/\/loreydulac.com\/es\/?s={search_term_string}"},"query-input":{"@type":"PropertyValueSpecification","valueRequired":true,"valueName":"search_term_string"}}],"inLanguage":"es"},{"@type":["Organization","Place"],"@id":"https:\/\/loreydulac.com\/es\/#organization","name":"Lo Rey du Lac - H\u00e9bergements Insolites \u00e0 Hossegor","url":"https:\/\/loreydulac.com\/es\/","logo":{"@id":"https:\/\/loreydulac.com\/es\/caja-romantica\/#local-main-organization-logo"},"image":{"@id":"https:\/\/loreydulac.com\/es\/caja-romantica\/#local-main-organization-logo"},"sameAs":["https:\/\/www.facebook.com\/loreydulac","https:\/\/www.instagram.com\/loreydulac\/"],"telephone":[],"openingHoursSpecification":[{"@type":"OpeningHoursSpecification","dayOfWeek":["Monday","Tuesday","Wednesday","Thursday","Friday","Saturday","Sunday"],"opens":"09:00","closes":"17:00"}]},{"@type":"ImageObject","inLanguage":"es","@id":"https:\/\/loreydulac.com\/es\/caja-romantica\/#local-main-organization-logo","url":"https:\/\/loreydulac.com\/wp-content\/uploads\/2024\/02\/Logo.png","contentUrl":"https:\/\/loreydulac.com\/wp-content\/uploads\/2024\/02\/Logo.png","width":500,"height":500,"caption":"Lo Rey du Lac - H\u00e9bergements Insolites \u00e0 Hossegor"}]}},"_links":{"self":[{"href":"https:\/\/loreydulac.com\/es\/wp-json\/wp\/v2\/pages\/3002","targetHints":{"allow":["GET"]}}],"collection":[{"href":"https:\/\/loreydulac.com\/es\/wp-json\/wp\/v2\/pages"}],"about":[{"href":"https:\/\/loreydulac.com\/es\/wp-json\/wp\/v2\/types\/page"}],"author":[{"embeddable":true,"href":"https:\/\/loreydulac.com\/es\/wp-json\/wp\/v2\/users\/1"}],"replies":[{"embeddable":true,"href":"https:\/\/loreydulac.com\/es\/wp-json\/wp\/v2\/comments?post=3002"}],"version-history":[{"count":1,"href":"https:\/\/loreydulac.com\/es\/wp-json\/wp\/v2\/pages\/3002\/revisions"}],"predecessor-version":[{"id":3005,"href":"https:\/\/loreydulac.com\/es\/wp-json\/wp\/v2\/pages\/3002\/revisions\/3005"}],"wp:attachment":[{"href":"https:\/\/loreydulac.com\/es\/wp-json\/wp\/v2\/media?parent=3002"}],"curies":[{"name":"wp","href":"https:\/\/api.w.org\/{rel}","templated":true}]}}