{"id":2991,"date":"2024-02-05T14:10:10","date_gmt":"2024-02-05T13:10:10","guid":{"rendered":"https:\/\/loreydulac.com\/condiciones-generales-de-venta\/"},"modified":"2024-03-04T15:27:26","modified_gmt":"2024-03-04T14:27:26","slug":"condiciones-generales-de-venta","status":"publish","type":"page","link":"https:\/\/loreydulac.com\/es\/condiciones-generales-de-venta\/","title":{"rendered":"Condiciones generales de venta"},"content":{"rendered":"<p><div class=\"fusion-fullwidth fullwidth-box fusion-builder-row-1 fusion-flex-container has-pattern-background has-mask-background nonhundred-percent-fullwidth non-hundred-percent-height-scrolling fusion-animated\" style=\"--awb-background-position:center top;--awb-border-radius-top-left:0px;--awb-border-radius-top-right:0px;--awb-border-radius-bottom-right:0px;--awb-border-radius-bottom-left:0px;--awb-padding-top:75.931px;--awb-padding-bottom:75.9306px;--awb-padding-top-small:80px;--awb-padding-bottom-small:80px;--awb-margin-bottom:0px;--awb-background-color:var(--awb-color6);--awb-flex-wrap:wrap;--awb-animation-color:var(--awb-color3);\" data-animationType=\"revealInLeft\" data-animationDuration=\"1.2\" data-animationOffset=\"top-into-view\" ><div class=\"fusion-builder-row fusion-row fusion-flex-align-items-flex-start fusion-flex-content-wrap\" style=\"max-width:1248px;margin-left: calc(-4% \/ 2 );margin-right: calc(-4% \/ 2 );\"><div class=\"fusion-layout-column fusion_builder_column fusion-builder-column-0 fusion_builder_column_1_1 1_1 fusion-flex-column\" style=\"--awb-bg-color:rgba(255,255,255,0.55);--awb-bg-color-hover:rgba(255,255,255,0.55);--awb-bg-size:cover;--awb-width-large:100%;--awb-margin-top-large:0px;--awb-spacing-right-large:1.92%;--awb-margin-bottom-large:20px;--awb-spacing-left-large:1.92%;--awb-width-medium:100%;--awb-order-medium:0;--awb-spacing-right-medium:1.92%;--awb-spacing-left-medium:1.92%;--awb-width-small:100%;--awb-order-small:0;--awb-spacing-right-small:1.92%;--awb-spacing-left-small:1.92%;\"><div class=\"fusion-column-wrapper fusion-column-has-shadow fusion-flex-justify-content-flex-start fusion-content-layout-column\"><div class=\"fusion-title title fusion-title-1 fusion-no-small-visibility fusion-sep-none fusion-title-center fusion-title-text fusion-title-size-one\" style=\"--awb-text-color:var(--awb-color8);--awb-margin-bottom:20px;--awb-margin-bottom-small:20px;\"><h1 class=\"fusion-title-heading title-heading-center\" style=\"margin:0;\">Condiciones generales de venta<\/h1><\/div><\/div><\/div><\/div><\/div><div class=\"fusion-fullwidth fullwidth-box fusion-builder-row-2 fusion-flex-container has-pattern-background has-mask-background nonhundred-percent-fullwidth non-hundred-percent-height-scrolling\" style=\"--awb-border-radius-top-left:0px;--awb-border-radius-top-right:0px;--awb-border-radius-bottom-right:0px;--awb-border-radius-bottom-left:0px;--awb-flex-wrap:wrap;\" ><div class=\"fusion-builder-row fusion-row fusion-flex-align-items-flex-start fusion-flex-content-wrap\" style=\"max-width:1248px;margin-left: calc(-4% \/ 2 );margin-right: calc(-4% \/ 2 );\"><div class=\"fusion-layout-column fusion_builder_column fusion-builder-column-1 fusion_builder_column_1_1 1_1 fusion-flex-column\" style=\"--awb-bg-size:cover;--awb-width-large:100%;--awb-margin-top-large:0px;--awb-spacing-right-large:1.92%;--awb-margin-bottom-large:20px;--awb-spacing-left-large:1.92%;--awb-width-medium:100%;--awb-order-medium:0;--awb-spacing-right-medium:1.92%;--awb-spacing-left-medium:1.92%;--awb-width-small:100%;--awb-order-small:0;--awb-spacing-right-small:1.92%;--awb-spacing-left-small:1.92%;\"><div class=\"fusion-column-wrapper fusion-column-has-shadow fusion-flex-justify-content-flex-start fusion-content-layout-column\"><div class=\"fusion-text fusion-text-1\"><h3>Condiciones generales de venta<\/h3>\n<p>1\u00b0) Reglamento. Para todas las reservas de una noche en burbuja o caba\u00f1a, se requiere un dep\u00f3sito del 100% en el momento del pedido. Para estancias de 2 noches o m\u00e1s, se requiere un dep\u00f3sito del 50%, que deber\u00e1 recibirse en los 8 d\u00edas siguientes a la confirmaci\u00f3n por escrito de su solicitud de reserva. Si no recibe su opci\u00f3n en el plazo establecido, ser\u00e1 retirada. El saldo deber\u00e1 abonarse in situ durante la estancia. En el caso de los cheques regalo, deber\u00e1 abonarse el precio \u00edntegro de las vacaciones ofrecidas en el momento de realizar el pedido. Los cheques regalo no son reembolsables ni canjeables sin el acuerdo previo de SARL Domaine du Rey. Los pagos pueden efectuarse mediante sistema de pago seguro (e-transaction), transferencia bancaria, cheque, vale de vacaciones y efectivo.<br \/>\n2\u00b0) Tarifa. Los precios que figuran en el sitio web o en nuestros folletos est\u00e1n sujetos a cambios en funci\u00f3n de las condiciones econ\u00f3micas o las disposiciones reglamentarias. Los precios son para : * para 2 personas con desayuno incluido, todos los impuestos incluidos para la burbuja y la caba\u00f1a, * para un m\u00e1ximo de 4 personas y <b>excluyendo<\/b> el impuesto tur\u00edstico para el Lodge y la casa rural. S\u00f3lo es vinculante el precio que figura en el contrato de alquiler o en el presupuesto.<br \/>\n3\u00b0) Cambio o cancelaci\u00f3n de la estancia.<br \/>\nDebido al cliente. La anulaci\u00f3n de una reserva por parte del cliente s\u00f3lo ser\u00e1 efectiva tras la confirmaci\u00f3n por correo electr\u00f3nico o certificado y el acuse de recibo por escrito de Sarl Domaine du Rey.<br \/>\nLas cancelaciones efectuadas con m\u00e1s de 30 d\u00edas de antelaci\u00f3n a la fecha de llegada conllevar\u00e1n unos gastos de cancelaci\u00f3n de 60 euros: 50 euros + 10 euros de gastos administrativos.<br \/>\nToda anulaci\u00f3n o modificaci\u00f3n efectuada con menos de 30 d\u00edas de antelaci\u00f3n al inicio de la estancia reservada dar\u00e1 lugar a la retenci\u00f3n del pago efectuado y no dar\u00e1 lugar a indemnizaci\u00f3n alguna.<br \/>\nCualquier interrupci\u00f3n o modificaci\u00f3n de la estancia: no se reembolsar\u00e1 ning\u00fan importe si se interrumpe la estancia y se deber\u00e1 abonar el 100% del coste restante de la estancia.<br \/>\nPor Sarl Domaine du Rey.<br \/>\nEn caso de acontecimientos externos que escapen a nuestro control, como el mal tiempo (tormenta o tempestad), es posible que tengamos que modificar o cancelar sus vacaciones por motivos de seguridad. En ese caso, le ofreceremos un alojamiento alternativo o pospondremos su estancia a una fecha posterior dentro de los 12 meses siguientes.<br \/>\n4\u00b0) Seguros. Sarl Domaine du Rey es titular de una p\u00f3liza de seguro n\u00ba 40871886Y con Groupama. Antes de entrar en el alojamiento, los clientes deben poder mostrar un seguro de responsabilidad civil v\u00e1lido.<\/p>\n<p><b>Condiciones de alquiler<\/b><\/p>\n<p>El acceso al alojamiento se realiza entre las 17.00 y las 19.00 horas. Deber\u00e1n desalojarse antes de las 11.00 horas del d\u00eda de salida. Si llega despu\u00e9s de las 19.00, le rogamos nos lo comunique para que podamos recibirle en las mejores condiciones.<br \/>\nAnimales.<br \/>\n<b>No se admiten<\/b> animales <b>en nuestros alojamientos<\/b>.<br \/>\nUso de los locales.<br \/>\n<b>Los clientes son responsables de garantizar que los locales permanezcan en paz. En particular, no se tolerar\u00e1n actividades ruidosas (juegos, comidas festivas, m\u00fasica, etc.) despu\u00e9s de las 22.00 horas y antes de las 8.00 horas.<\/b><br \/>\nEl alojamiento no dispone de recintos individuales y est\u00e1 situado en 6 hect\u00e1reas de terreno privado parcialmente vallado. Se ruega a los clientes que se queden cerca de su alojamiento o que consulten con los propietarios para ver c\u00f3mo pueden llegar. Sin el permiso de los propietarios, est\u00e1 prohibido acercarse a otros alojamientos para preservar la intimidad de los ocupantes.<br \/>\nLos veh\u00edculos se estacionan en un aparcamiento privado situado entre 50 metros (casa rural) y 300 metros (caba\u00f1a), seg\u00fan el alojamiento.<br \/>\nLleve calzado adecuado para las actividades al aire libre. Se ruega a los clientes que traigan sus propias zapatillas para usar dentro de la burbuja y la caba\u00f1a.<br \/>\nEst\u00e1 terminantemente prohibido fumar o encender velas en los alojamientos, as\u00ed como introducir materiales combustibles como estufas, l\u00e1mparas de parafina, barbacoas, etc.<br \/>\nEn el exterior, tambi\u00e9n puede estar prohibido utilizar cualquier material incandescente, incluido fumar durante el periodo rojo (decreto prefectoral en zonas forestales). El camino hacia el alojamiento s\u00f3lo est\u00e1 parcialmente iluminado por la noche. El consumo de alcohol en el recinto es responsabilidad exclusiva del arrendatario.<br \/>\nNuestro objetivo es proporcionarle un alojamiento limpio y en muy buenas condiciones. Le rogamos que los utilice con el debido cuidado y que los devuelva en el estado en que los encontr\u00f3.<br \/>\nEquipamiento.<br \/>\nTodos los alojamientos est\u00e1n equipados con ropa de cama de alto confort y disponen de instalaciones sanitarias completas conectadas a la red de alcantarillado (no hay retretes secos).<br \/>\nLa caba\u00f1a y la burbuja tienen su propio SPA privado en la terraza.<br \/>\nNo hay cajas fuertes en el alojamiento y le aconsejamos que no introduzca objetos de valor en el mismo.<br \/>\nLos detalles del equipamiento espec\u00edfico de cada alojamiento est\u00e1n disponibles previa solicitud.<br \/>\n<b><br \/>\nLitigios<\/b>.<\/p>\n<p>El lugar de jurisdicci\u00f3n para cualquier litigio ser\u00e1 Dax. Informaci\u00f3n legal: Sarl le domaine du Rey, 251 route des Lacs, 40150 Soorts-Hossegor. N\u00b0 SIRET 791 464 639 00016 RCS DAX.<\/p>\n<\/div><\/div><\/div><\/div><\/div><\/p>\n","protected":false},"excerpt":{"rendered":"","protected":false},"author":1,"featured_media":0,"parent":0,"menu_order":0,"comment_status":"closed","ping_status":"closed","template":"100-width.php","meta":{"footnotes":""},"class_list":["post-2991","page","type-page","status-publish","hentry"],"yoast_head":"<!-- This site is optimized with the Yoast SEO Premium plugin v22.0 (Yoast SEO v26.5) - https:\/\/yoast.com\/wordpress\/plugins\/seo\/ -->\n<title>Condiciones generales de venta - Lo Rey du Lac - H\u00e9bergements Insolites \u00e0 Hossegor<\/title>\n<meta name=\"robots\" content=\"index, follow, max-snippet:-1, max-image-preview:large, max-video-preview:-1\" \/>\n<link rel=\"canonical\" href=\"https:\/\/loreydulac.com\/es\/condiciones-generales-de-venta\/\" \/>\n<meta property=\"og:locale\" content=\"es_ES\" \/>\n<meta property=\"og:type\" content=\"article\" \/>\n<meta property=\"og:title\" content=\"Condiciones generales de venta\" \/>\n<meta property=\"og:url\" content=\"https:\/\/loreydulac.com\/es\/condiciones-generales-de-venta\/\" \/>\n<meta property=\"og:site_name\" content=\"Lo Rey du Lac - H\u00e9bergements Insolites \u00e0 Hossegor\" \/>\n<meta property=\"article:publisher\" content=\"https:\/\/www.facebook.com\/loreydulac\" \/>\n<meta property=\"article:modified_time\" content=\"2024-03-04T14:27:26+00:00\" \/>\n<meta name=\"twitter:card\" content=\"summary_large_image\" \/>\n<meta name=\"twitter:label1\" content=\"Tiempo de lectura\" \/>\n\t<meta name=\"twitter:data1\" content=\"9 minutos\" \/>\n<script type=\"application\/ld+json\" class=\"yoast-schema-graph\">{\"@context\":\"https:\/\/schema.org\",\"@graph\":[{\"@type\":\"WebPage\",\"@id\":\"https:\/\/loreydulac.com\/es\/condiciones-generales-de-venta\/\",\"url\":\"https:\/\/loreydulac.com\/es\/condiciones-generales-de-venta\/\",\"name\":\"Condiciones generales de venta - Lo Rey du Lac - H\u00e9bergements Insolites \u00e0 Hossegor\",\"isPartOf\":{\"@id\":\"https:\/\/loreydulac.com\/es\/#website\"},\"datePublished\":\"2024-02-05T13:10:10+00:00\",\"dateModified\":\"2024-03-04T14:27:26+00:00\",\"breadcrumb\":{\"@id\":\"https:\/\/loreydulac.com\/es\/condiciones-generales-de-venta\/#breadcrumb\"},\"inLanguage\":\"es\",\"potentialAction\":[{\"@type\":\"ReadAction\",\"target\":[\"https:\/\/loreydulac.com\/es\/condiciones-generales-de-venta\/\"]}]},{\"@type\":\"BreadcrumbList\",\"@id\":\"https:\/\/loreydulac.com\/es\/condiciones-generales-de-venta\/#breadcrumb\",\"itemListElement\":[{\"@type\":\"ListItem\",\"position\":1,\"name\":\"Accueil\",\"item\":\"https:\/\/loreydulac.com\/es\/inicio\/\"},{\"@type\":\"ListItem\",\"position\":2,\"name\":\"Condiciones generales de venta\"}]},{\"@type\":\"WebSite\",\"@id\":\"https:\/\/loreydulac.com\/es\/#website\",\"url\":\"https:\/\/loreydulac.com\/es\/\",\"name\":\"Lo Rey du Lac - H\u00e9bergements Insolites \u00e0 Hossegor\",\"description\":\"H\u00e9bergements Insolites nature depuis 2013\",\"publisher\":{\"@id\":\"https:\/\/loreydulac.com\/es\/#organization\"},\"potentialAction\":[{\"@type\":\"SearchAction\",\"target\":{\"@type\":\"EntryPoint\",\"urlTemplate\":\"https:\/\/loreydulac.com\/es\/?s={search_term_string}\"},\"query-input\":{\"@type\":\"PropertyValueSpecification\",\"valueRequired\":true,\"valueName\":\"search_term_string\"}}],\"inLanguage\":\"es\"},{\"@type\":[\"Organization\",\"Place\"],\"@id\":\"https:\/\/loreydulac.com\/es\/#organization\",\"name\":\"Lo Rey du Lac - H\u00e9bergements Insolites \u00e0 Hossegor\",\"url\":\"https:\/\/loreydulac.com\/es\/\",\"logo\":{\"@id\":\"https:\/\/loreydulac.com\/es\/condiciones-generales-de-venta\/#local-main-organization-logo\"},\"image\":{\"@id\":\"https:\/\/loreydulac.com\/es\/condiciones-generales-de-venta\/#local-main-organization-logo\"},\"sameAs\":[\"https:\/\/www.facebook.com\/loreydulac\",\"https:\/\/www.instagram.com\/loreydulac\/\"],\"telephone\":[],\"openingHoursSpecification\":[{\"@type\":\"OpeningHoursSpecification\",\"dayOfWeek\":[\"Monday\",\"Tuesday\",\"Wednesday\",\"Thursday\",\"Friday\",\"Saturday\",\"Sunday\"],\"opens\":\"09:00\",\"closes\":\"17:00\"}]},{\"@type\":\"ImageObject\",\"inLanguage\":\"es\",\"@id\":\"https:\/\/loreydulac.com\/es\/condiciones-generales-de-venta\/#local-main-organization-logo\",\"url\":\"https:\/\/loreydulac.com\/wp-content\/uploads\/2024\/02\/Logo.png\",\"contentUrl\":\"https:\/\/loreydulac.com\/wp-content\/uploads\/2024\/02\/Logo.png\",\"width\":500,\"height\":500,\"caption\":\"Lo Rey du Lac - H\u00e9bergements Insolites \u00e0 Hossegor\"}]}<\/script>\n<!-- \/ Yoast SEO Premium plugin. -->","yoast_head_json":{"title":"Condiciones generales de venta - Lo Rey du Lac - H\u00e9bergements Insolites \u00e0 Hossegor","robots":{"index":"index","follow":"follow","max-snippet":"max-snippet:-1","max-image-preview":"max-image-preview:large","max-video-preview":"max-video-preview:-1"},"canonical":"https:\/\/loreydulac.com\/es\/condiciones-generales-de-venta\/","og_locale":"es_ES","og_type":"article","og_title":"Condiciones generales de venta","og_url":"https:\/\/loreydulac.com\/es\/condiciones-generales-de-venta\/","og_site_name":"Lo Rey du Lac - H\u00e9bergements Insolites \u00e0 Hossegor","article_publisher":"https:\/\/www.facebook.com\/loreydulac","article_modified_time":"2024-03-04T14:27:26+00:00","twitter_card":"summary_large_image","twitter_misc":{"Tiempo de lectura":"9 minutos"},"schema":{"@context":"https:\/\/schema.org","@graph":[{"@type":"WebPage","@id":"https:\/\/loreydulac.com\/es\/condiciones-generales-de-venta\/","url":"https:\/\/loreydulac.com\/es\/condiciones-generales-de-venta\/","name":"Condiciones generales de venta - Lo Rey du Lac - H\u00e9bergements Insolites \u00e0 Hossegor","isPartOf":{"@id":"https:\/\/loreydulac.com\/es\/#website"},"datePublished":"2024-02-05T13:10:10+00:00","dateModified":"2024-03-04T14:27:26+00:00","breadcrumb":{"@id":"https:\/\/loreydulac.com\/es\/condiciones-generales-de-venta\/#breadcrumb"},"inLanguage":"es","potentialAction":[{"@type":"ReadAction","target":["https:\/\/loreydulac.com\/es\/condiciones-generales-de-venta\/"]}]},{"@type":"BreadcrumbList","@id":"https:\/\/loreydulac.com\/es\/condiciones-generales-de-venta\/#breadcrumb","itemListElement":[{"@type":"ListItem","position":1,"name":"Accueil","item":"https:\/\/loreydulac.com\/es\/inicio\/"},{"@type":"ListItem","position":2,"name":"Condiciones generales de venta"}]},{"@type":"WebSite","@id":"https:\/\/loreydulac.com\/es\/#website","url":"https:\/\/loreydulac.com\/es\/","name":"Lo Rey du Lac - H\u00e9bergements Insolites \u00e0 Hossegor","description":"H\u00e9bergements Insolites nature depuis 2013","publisher":{"@id":"https:\/\/loreydulac.com\/es\/#organization"},"potentialAction":[{"@type":"SearchAction","target":{"@type":"EntryPoint","urlTemplate":"https:\/\/loreydulac.com\/es\/?s={search_term_string}"},"query-input":{"@type":"PropertyValueSpecification","valueRequired":true,"valueName":"search_term_string"}}],"inLanguage":"es"},{"@type":["Organization","Place"],"@id":"https:\/\/loreydulac.com\/es\/#organization","name":"Lo Rey du Lac - H\u00e9bergements Insolites \u00e0 Hossegor","url":"https:\/\/loreydulac.com\/es\/","logo":{"@id":"https:\/\/loreydulac.com\/es\/condiciones-generales-de-venta\/#local-main-organization-logo"},"image":{"@id":"https:\/\/loreydulac.com\/es\/condiciones-generales-de-venta\/#local-main-organization-logo"},"sameAs":["https:\/\/www.facebook.com\/loreydulac","https:\/\/www.instagram.com\/loreydulac\/"],"telephone":[],"openingHoursSpecification":[{"@type":"OpeningHoursSpecification","dayOfWeek":["Monday","Tuesday","Wednesday","Thursday","Friday","Saturday","Sunday"],"opens":"09:00","closes":"17:00"}]},{"@type":"ImageObject","inLanguage":"es","@id":"https:\/\/loreydulac.com\/es\/condiciones-generales-de-venta\/#local-main-organization-logo","url":"https:\/\/loreydulac.com\/wp-content\/uploads\/2024\/02\/Logo.png","contentUrl":"https:\/\/loreydulac.com\/wp-content\/uploads\/2024\/02\/Logo.png","width":500,"height":500,"caption":"Lo Rey du Lac - H\u00e9bergements Insolites \u00e0 Hossegor"}]}},"_links":{"self":[{"href":"https:\/\/loreydulac.com\/es\/wp-json\/wp\/v2\/pages\/2991","targetHints":{"allow":["GET"]}}],"collection":[{"href":"https:\/\/loreydulac.com\/es\/wp-json\/wp\/v2\/pages"}],"about":[{"href":"https:\/\/loreydulac.com\/es\/wp-json\/wp\/v2\/types\/page"}],"author":[{"embeddable":true,"href":"https:\/\/loreydulac.com\/es\/wp-json\/wp\/v2\/users\/1"}],"replies":[{"embeddable":true,"href":"https:\/\/loreydulac.com\/es\/wp-json\/wp\/v2\/comments?post=2991"}],"version-history":[{"count":1,"href":"https:\/\/loreydulac.com\/es\/wp-json\/wp\/v2\/pages\/2991\/revisions"}],"predecessor-version":[{"id":2996,"href":"https:\/\/loreydulac.com\/es\/wp-json\/wp\/v2\/pages\/2991\/revisions\/2996"}],"wp:attachment":[{"href":"https:\/\/loreydulac.com\/es\/wp-json\/wp\/v2\/media?parent=2991"}],"curies":[{"name":"wp","href":"https:\/\/api.w.org\/{rel}","templated":true}]}}