{"id":2867,"date":"2024-02-05T14:20:39","date_gmt":"2024-02-05T13:20:39","guid":{"rendered":"https:\/\/loreydulac.com\/compromisos\/"},"modified":"2024-03-04T15:26:13","modified_gmt":"2024-03-04T14:26:13","slug":"compromisos","status":"publish","type":"page","link":"https:\/\/loreydulac.com\/es\/compromisos\/","title":{"rendered":"Compromisos"},"content":{"rendered":"<p><div class=\"fusion-bg-parallax\" data-bg-align=\"center center\" data-direction=\"down\" data-mute=\"false\" data-opacity=\"100\" data-velocity=\"-0.3\" data-mobile-enabled=\"false\" data-break_parents=\"0\" data-bg-image=\"https:\/\/loreydulac.com\/wp-content\/uploads\/2024\/02\/Lit-Petit-Lodge-1200x801.webp\" data-bg-repeat=\"false\" ><\/div><div class=\"fusion-fullwidth fullwidth-box fusion-builder-row-1 fusion-flex-container has-pattern-background has-mask-background fusion-parallax-down nonhundred-percent-fullwidth non-hundred-percent-height-scrolling fusion-animated\" style=\"--awb-border-radius-top-left:0px;--awb-border-radius-top-right:0px;--awb-border-radius-bottom-right:0px;--awb-border-radius-bottom-left:0px;--awb-padding-top:75.931px;--awb-padding-bottom:75.9306px;--awb-padding-top-small:80px;--awb-padding-bottom-small:80px;--awb-margin-bottom:0px;--awb-background-image:url(&quot;https:\/\/loreydulac.com\/wp-content\/uploads\/2024\/02\/Lit-Petit-Lodge-1200x801.webp&quot;);--awb-background-size:cover;--awb-flex-wrap:wrap;--awb-animation-color:var(--awb-color3);\" data-animationType=\"revealInLeft\" data-animationDuration=\"1.2\" data-animationOffset=\"top-into-view\" ><div class=\"fusion-builder-row fusion-row fusion-flex-align-items-flex-start fusion-flex-content-wrap\" style=\"max-width:1248px;margin-left: calc(-4% \/ 2 );margin-right: calc(-4% \/ 2 );\"><div class=\"fusion-layout-column fusion_builder_column fusion-builder-column-0 fusion_builder_column_1_1 1_1 fusion-flex-column\" style=\"--awb-bg-color:rgba(255,255,255,0.55);--awb-bg-color-hover:rgba(255,255,255,0.55);--awb-bg-size:cover;--awb-width-large:100%;--awb-margin-top-large:0px;--awb-spacing-right-large:1.92%;--awb-margin-bottom-large:20px;--awb-spacing-left-large:1.92%;--awb-width-medium:100%;--awb-order-medium:0;--awb-spacing-right-medium:1.92%;--awb-spacing-left-medium:1.92%;--awb-width-small:100%;--awb-order-small:0;--awb-spacing-right-small:1.92%;--awb-spacing-left-small:1.92%;\"><div class=\"fusion-column-wrapper fusion-column-has-shadow fusion-flex-justify-content-flex-start fusion-content-layout-column\"><div class=\"fusion-title title fusion-title-1 fusion-no-small-visibility fusion-sep-none fusion-title-center fusion-title-text fusion-title-size-one\" style=\"--awb-text-color:var(--awb-color8);--awb-margin-bottom:20px;--awb-margin-bottom-small:20px;\"><h1 class=\"fusion-title-heading title-heading-center\" style=\"margin:0;\">Nuestros compromisos y valores<\/h1><\/div><\/div><\/div><\/div><\/div><div class=\"fusion-fullwidth fullwidth-box fusion-builder-row-2 fusion-flex-container has-pattern-background has-mask-background nonhundred-percent-fullwidth non-hundred-percent-height-scrolling\" style=\"--awb-border-radius-top-left:0px;--awb-border-radius-top-right:0px;--awb-border-radius-bottom-right:0px;--awb-border-radius-bottom-left:0px;--awb-flex-wrap:wrap;\" ><div class=\"fusion-builder-row fusion-row fusion-flex-align-items-flex-start fusion-flex-content-wrap\" style=\"max-width:1248px;margin-left: calc(-4% \/ 2 );margin-right: calc(-4% \/ 2 );\"><div class=\"fusion-layout-column fusion_builder_column fusion-builder-column-1 fusion_builder_column_1_1 1_1 fusion-flex-column\" style=\"--awb-bg-size:cover;--awb-width-large:100%;--awb-margin-top-large:25px;--awb-spacing-right-large:1.92%;--awb-margin-bottom-large:20px;--awb-spacing-left-large:1.92%;--awb-width-medium:100%;--awb-order-medium:0;--awb-spacing-right-medium:1.92%;--awb-spacing-left-medium:1.92%;--awb-width-small:100%;--awb-order-small:0;--awb-spacing-right-small:1.92%;--awb-spacing-left-small:1.92%;\"><div class=\"fusion-column-wrapper fusion-column-has-shadow fusion-flex-justify-content-flex-start fusion-content-layout-column\"><div class=\"fusion-text fusion-text-1\"><p>Nuestra&nbsp;<b>estructura familiar<\/b>&nbsp;se construye en torno a un \u00fanico&nbsp;<b>objetivo<\/b>&nbsp;:&nbsp;<b>satisfacer<\/b>&nbsp;a nuestros clientes ofreci\u00e9ndoles&nbsp;<b>Noche ins\u00f3lita<\/b>&nbsp;en uno de nuestros alojamientos. Para lograrlo, quer\u00edamos comprometernos, aprovechar al m\u00e1ximo la&nbsp;&nbsp;<b>valores<\/b> en los que creemos, para crear una actividad que nos satisfaga y ponga una sonrisa en la cara de nuestros invitados. Compartir nuestro d\u00eda a d\u00eda contigo es una de nuestras prioridades, pero sobre todo queremos ofrecerte una experiencia excepcional en cada detalle, desde el principio hasta el final de tu<b>estancia en Lo Rey du lac en&nbsp;<\/b>. Queremos establecer una relaci\u00f3n con nuestros hu\u00e9spedes&nbsp;una <b>relaci\u00f3n de confianza<\/b>, para que se sientan a gusto con nosotros. Los<b>compromisos&nbsp;de Lo Rey du lac<\/b>&nbsp;? A&nbsp;<b>desayuno casero<\/b>, que le preparamos cada ma\u00f1ana con ingredientes frescos.&nbsp;<b>productos frescos<\/b>, para su placer y&nbsp;<b>tratar<\/b>, un&nbsp;<b>entorno natural<\/b>&nbsp;que protegemos con todas nuestras fuerzas y una gran<b>&nbsp;limpieza de nuestros alojamientos,&nbsp;<\/b>incluso en plena naturaleza. \u00bfQuiere saber m\u00e1s sobre nuestro&nbsp;<b>valores corporativos<\/b>&nbsp;? \u00a1Te lo explicamos todo con detalle a continuaci\u00f3n&nbsp;!<\/p>\n<p>En Lo Rey du lac, nuestro abundante desayuno es nuestra se\u00f1a de identidad, nuestro orgullo y nuestra alegr\u00eda. Para nuestra empresa familiar es un honor servirle cada ma\u00f1ana un desayuno fresco y casero, para que empiece bien el d\u00eda y termine su estancia con buen sabor de boca.<\/p>\n<p>Tomamos esta decisi\u00f3n desde el momento en que abrimos nuestro alojamiento&nbsp;: ofrecerle productos frescos y de calidad, preparados con cari\u00f1o por nosotros mismos.<\/p>\n<p>Tendr\u00e1 el placer de degustar nuestro delicioso brioche tradicional, totalmente casero y horneado cada ma\u00f1ana al amanecer. Incluimos sabrosos pasteles caseros en su cesta de desayuno, y variamos los placeres creando nuevas recetas cada ma\u00f1ana. Entre los muchos manjares que se elaboran en nuestra cocina figuran crepes, tortitas, especialidades bretonas, galletas, brownies y shortbread. Le atendemos compartiendo nuestro saber hacer y elaborando nuestros mejores pasteles, la mayor\u00eda de ellos recetas familiares.<\/p>\n<p>Para a\u00f1adir un toque de frescura a nuestro desayuno, ofrecemos todos los d\u00edas una ensalada de fruta fresca. Seleccionamos cuidadosamente la mejor fruta de temporada y su macedonia se prepara s\u00f3lo unos minutos antes de llevarle la cesta. \u00a1En Lo Rey du lac, nuestro mayor placer es atenderle y ver su sonrisa cuando nos traiga su cesta completamente vac\u00eda&nbsp;!<\/p>\n<p>La naturaleza es una parte integral de nuestro negocio y un elemento central de nuestra visi\u00f3n corporativa, porque sin ella, nuestros ins\u00f3litos alojamientos no podr\u00edan existir. Por eso hemos optado por mimarlo y protegerlo. Nuestras actividades diarias nos llevan a trav\u00e9s de un pinar, una finca familiar que nos esforzamos por mantener y conservar.<\/p>\n<p>&nbsp;<\/p>\n<p>Para ofrecerle una inmersi\u00f3n total en nuestro entorno privilegiado, hemos optado por limitar los veh\u00edculos motorizados. Disponemos de un aparcamiento donde podr\u00e1 estacionar su veh\u00edculo, pero el acceso al ins\u00f3lito alojamiento se realiza a pie, en pleno coraz\u00f3n de nuestro bosque. Tendr\u00e1 la oportunidad de caminar en medio de una incre\u00edble zona natural, donde florecen numerosas especies vegetales a lo largo de las estaciones.<\/p>\n<p>&nbsp;<\/p>\n<p>En Lo Rey du lac, vivimos en armon\u00eda con la naturaleza. Es de suma importancia para nosotros. Cada d\u00eda, este entorno transmite tanta energ\u00eda, paz y buenas vibraciones que nos debemos a nosotros mismos y a ti preservarlo. Tenemos la suerte de vivir rodeados de animales del bosque. Asumimos que vivimos en sus casas y no al rev\u00e9s. Por eso contamos con usted para que los respete al m\u00e1ximo dej\u00e1ndolos vivir en su h\u00e1bitat natural. Todos nuestros alojamientos est\u00e1n equipados con cubos para que puedas tirar la basura. Por respeto a nuestro hermoso bosque, te pedimos que nos ayudes a mantenerlo limpio.<\/p>\n<p>La limpieza de nuestro&nbsp;&nbsp;es una de nuestras misiones diarias. En Lo Rey du lac, la limpieza es meticulosamente realizada cada d\u00eda por nuestro equipo, despu\u00e9s de cada salida. No comprometemos la calidad de nuestro servicio: nuestro objetivo es ofrecerle lo mejor.<\/p>\n<p>Para ello, nuestros equipos realizan todos los d\u00edas una limpieza completa del alojamiento. Se desinfectan las duchas y los aseos, y se limpian la zona de cocina, el frigor\u00edfico, la cafetera, el microondas y la vajilla. La cama se ha redecorado por completo y las s\u00e1banas se han lavado en m\u00e1quinas profesionales. Tambi\u00e9n se renuevan las toallas y los albornoces.<\/p>\n<p>Nuestro equipo de mantenimiento tambi\u00e9n realiza una limpieza completa del<a href=\"https:\/\/loreydulac.com\/es\/las-zpe-y-su-uso\/\" target=\"_blank\" rel=\"noopener\">spa privado<\/a>&nbsp;<a href=\"https:\/\/loreydulac.com\/es\/las-zpe-y-su-uso\/\" target=\"_blank\" rel=\"noopener\">, as\u00ed como una comprobaci\u00f3n exhaustiva de los niveles de cloro y pH.<\/a><\/p>\n<p>No dejamos nada al azar&nbsp;: ponemos nuestra profesionalidad y nuestro alto nivel de exigencia a su servicio para garantizarle una limpieza impecable. Antes de que llegue, haremos una \u00faltima comprobaci\u00f3n de su alojamiento para asegurarnos de que todo est\u00e1 en orden y de que ser\u00e1 recibido en las mejores condiciones posibles. \u00a1Su satisfacci\u00f3n es nuestra mayor recompensa&nbsp;!<\/p>\n<\/div><\/div><\/div><\/div><\/div><\/p>\n","protected":false},"excerpt":{"rendered":"","protected":false},"author":1,"featured_media":0,"parent":0,"menu_order":0,"comment_status":"closed","ping_status":"closed","template":"100-width.php","meta":{"footnotes":""},"class_list":["post-2867","page","type-page","status-publish","hentry"],"yoast_head":"<!-- This site is optimized with the Yoast SEO Premium plugin v22.0 (Yoast SEO v26.5) - https:\/\/yoast.com\/wordpress\/plugins\/seo\/ -->\n<title>Los compromisos de Lo Rey du lac - Alojamiento ins\u00f3lito<\/title>\n<meta name=\"description\" content=\"Hacemos todo lo posible para que disfrute de su estancia con nosotros. M\u00e1s informaci\u00f3n sobre los compromisos de Lo Rey du lac.\" \/>\n<meta name=\"robots\" content=\"index, follow, max-snippet:-1, max-image-preview:large, max-video-preview:-1\" \/>\n<link rel=\"canonical\" href=\"https:\/\/loreydulac.com\/es\/compromisos\/\" \/>\n<meta property=\"og:locale\" content=\"es_ES\" \/>\n<meta property=\"og:type\" content=\"article\" \/>\n<meta property=\"og:title\" content=\"Compromisos\" \/>\n<meta property=\"og:description\" content=\"Hacemos todo lo posible para que disfrute de su estancia con nosotros. M\u00e1s informaci\u00f3n sobre los compromisos de Lo Rey du lac.\" \/>\n<meta property=\"og:url\" content=\"https:\/\/loreydulac.com\/es\/compromisos\/\" \/>\n<meta property=\"og:site_name\" content=\"Lo Rey du Lac - H\u00e9bergements Insolites \u00e0 Hossegor\" \/>\n<meta property=\"article:publisher\" content=\"https:\/\/www.facebook.com\/loreydulac\" \/>\n<meta property=\"article:modified_time\" content=\"2024-03-04T14:26:13+00:00\" \/>\n<meta name=\"twitter:card\" content=\"summary_large_image\" \/>\n<meta name=\"twitter:label1\" content=\"Tiempo de lectura\" \/>\n\t<meta name=\"twitter:data1\" content=\"9 minutos\" \/>\n<script type=\"application\/ld+json\" class=\"yoast-schema-graph\">{\"@context\":\"https:\/\/schema.org\",\"@graph\":[{\"@type\":\"WebPage\",\"@id\":\"https:\/\/loreydulac.com\/es\/compromisos\/\",\"url\":\"https:\/\/loreydulac.com\/es\/compromisos\/\",\"name\":\"Los compromisos de Lo Rey du lac - Alojamiento ins\u00f3lito\",\"isPartOf\":{\"@id\":\"https:\/\/loreydulac.com\/es\/#website\"},\"datePublished\":\"2024-02-05T13:20:39+00:00\",\"dateModified\":\"2024-03-04T14:26:13+00:00\",\"description\":\"Hacemos todo lo posible para que disfrute de su estancia con nosotros. M\u00e1s informaci\u00f3n sobre los compromisos de Lo Rey du lac.\",\"breadcrumb\":{\"@id\":\"https:\/\/loreydulac.com\/es\/compromisos\/#breadcrumb\"},\"inLanguage\":\"es\",\"potentialAction\":[{\"@type\":\"ReadAction\",\"target\":[\"https:\/\/loreydulac.com\/es\/compromisos\/\"]}]},{\"@type\":\"BreadcrumbList\",\"@id\":\"https:\/\/loreydulac.com\/es\/compromisos\/#breadcrumb\",\"itemListElement\":[{\"@type\":\"ListItem\",\"position\":1,\"name\":\"Accueil\",\"item\":\"https:\/\/loreydulac.com\/es\/inicio\/\"},{\"@type\":\"ListItem\",\"position\":2,\"name\":\"Compromisos\"}]},{\"@type\":\"WebSite\",\"@id\":\"https:\/\/loreydulac.com\/es\/#website\",\"url\":\"https:\/\/loreydulac.com\/es\/\",\"name\":\"Lo Rey du Lac - H\u00e9bergements Insolites \u00e0 Hossegor\",\"description\":\"H\u00e9bergements Insolites nature depuis 2013\",\"publisher\":{\"@id\":\"https:\/\/loreydulac.com\/es\/#organization\"},\"potentialAction\":[{\"@type\":\"SearchAction\",\"target\":{\"@type\":\"EntryPoint\",\"urlTemplate\":\"https:\/\/loreydulac.com\/es\/?s={search_term_string}\"},\"query-input\":{\"@type\":\"PropertyValueSpecification\",\"valueRequired\":true,\"valueName\":\"search_term_string\"}}],\"inLanguage\":\"es\"},{\"@type\":[\"Organization\",\"Place\"],\"@id\":\"https:\/\/loreydulac.com\/es\/#organization\",\"name\":\"Lo Rey du Lac - H\u00e9bergements Insolites \u00e0 Hossegor\",\"url\":\"https:\/\/loreydulac.com\/es\/\",\"logo\":{\"@id\":\"https:\/\/loreydulac.com\/es\/compromisos\/#local-main-organization-logo\"},\"image\":{\"@id\":\"https:\/\/loreydulac.com\/es\/compromisos\/#local-main-organization-logo\"},\"sameAs\":[\"https:\/\/www.facebook.com\/loreydulac\",\"https:\/\/www.instagram.com\/loreydulac\/\"],\"telephone\":[],\"openingHoursSpecification\":[{\"@type\":\"OpeningHoursSpecification\",\"dayOfWeek\":[\"Monday\",\"Tuesday\",\"Wednesday\",\"Thursday\",\"Friday\",\"Saturday\",\"Sunday\"],\"opens\":\"09:00\",\"closes\":\"17:00\"}]},{\"@type\":\"ImageObject\",\"inLanguage\":\"es\",\"@id\":\"https:\/\/loreydulac.com\/es\/compromisos\/#local-main-organization-logo\",\"url\":\"https:\/\/loreydulac.com\/wp-content\/uploads\/2024\/02\/Logo.png\",\"contentUrl\":\"https:\/\/loreydulac.com\/wp-content\/uploads\/2024\/02\/Logo.png\",\"width\":500,\"height\":500,\"caption\":\"Lo Rey du Lac - H\u00e9bergements Insolites \u00e0 Hossegor\"}]}<\/script>\n<!-- \/ Yoast SEO Premium plugin. -->","yoast_head_json":{"title":"Los compromisos de Lo Rey du lac - Alojamiento ins\u00f3lito","description":"Hacemos todo lo posible para que disfrute de su estancia con nosotros. M\u00e1s informaci\u00f3n sobre los compromisos de Lo Rey du lac.","robots":{"index":"index","follow":"follow","max-snippet":"max-snippet:-1","max-image-preview":"max-image-preview:large","max-video-preview":"max-video-preview:-1"},"canonical":"https:\/\/loreydulac.com\/es\/compromisos\/","og_locale":"es_ES","og_type":"article","og_title":"Compromisos","og_description":"Hacemos todo lo posible para que disfrute de su estancia con nosotros. M\u00e1s informaci\u00f3n sobre los compromisos de Lo Rey du lac.","og_url":"https:\/\/loreydulac.com\/es\/compromisos\/","og_site_name":"Lo Rey du Lac - H\u00e9bergements Insolites \u00e0 Hossegor","article_publisher":"https:\/\/www.facebook.com\/loreydulac","article_modified_time":"2024-03-04T14:26:13+00:00","twitter_card":"summary_large_image","twitter_misc":{"Tiempo de lectura":"9 minutos"},"schema":{"@context":"https:\/\/schema.org","@graph":[{"@type":"WebPage","@id":"https:\/\/loreydulac.com\/es\/compromisos\/","url":"https:\/\/loreydulac.com\/es\/compromisos\/","name":"Los compromisos de Lo Rey du lac - Alojamiento ins\u00f3lito","isPartOf":{"@id":"https:\/\/loreydulac.com\/es\/#website"},"datePublished":"2024-02-05T13:20:39+00:00","dateModified":"2024-03-04T14:26:13+00:00","description":"Hacemos todo lo posible para que disfrute de su estancia con nosotros. M\u00e1s informaci\u00f3n sobre los compromisos de Lo Rey du lac.","breadcrumb":{"@id":"https:\/\/loreydulac.com\/es\/compromisos\/#breadcrumb"},"inLanguage":"es","potentialAction":[{"@type":"ReadAction","target":["https:\/\/loreydulac.com\/es\/compromisos\/"]}]},{"@type":"BreadcrumbList","@id":"https:\/\/loreydulac.com\/es\/compromisos\/#breadcrumb","itemListElement":[{"@type":"ListItem","position":1,"name":"Accueil","item":"https:\/\/loreydulac.com\/es\/inicio\/"},{"@type":"ListItem","position":2,"name":"Compromisos"}]},{"@type":"WebSite","@id":"https:\/\/loreydulac.com\/es\/#website","url":"https:\/\/loreydulac.com\/es\/","name":"Lo Rey du Lac - H\u00e9bergements Insolites \u00e0 Hossegor","description":"H\u00e9bergements Insolites nature depuis 2013","publisher":{"@id":"https:\/\/loreydulac.com\/es\/#organization"},"potentialAction":[{"@type":"SearchAction","target":{"@type":"EntryPoint","urlTemplate":"https:\/\/loreydulac.com\/es\/?s={search_term_string}"},"query-input":{"@type":"PropertyValueSpecification","valueRequired":true,"valueName":"search_term_string"}}],"inLanguage":"es"},{"@type":["Organization","Place"],"@id":"https:\/\/loreydulac.com\/es\/#organization","name":"Lo Rey du Lac - H\u00e9bergements Insolites \u00e0 Hossegor","url":"https:\/\/loreydulac.com\/es\/","logo":{"@id":"https:\/\/loreydulac.com\/es\/compromisos\/#local-main-organization-logo"},"image":{"@id":"https:\/\/loreydulac.com\/es\/compromisos\/#local-main-organization-logo"},"sameAs":["https:\/\/www.facebook.com\/loreydulac","https:\/\/www.instagram.com\/loreydulac\/"],"telephone":[],"openingHoursSpecification":[{"@type":"OpeningHoursSpecification","dayOfWeek":["Monday","Tuesday","Wednesday","Thursday","Friday","Saturday","Sunday"],"opens":"09:00","closes":"17:00"}]},{"@type":"ImageObject","inLanguage":"es","@id":"https:\/\/loreydulac.com\/es\/compromisos\/#local-main-organization-logo","url":"https:\/\/loreydulac.com\/wp-content\/uploads\/2024\/02\/Logo.png","contentUrl":"https:\/\/loreydulac.com\/wp-content\/uploads\/2024\/02\/Logo.png","width":500,"height":500,"caption":"Lo Rey du Lac - H\u00e9bergements Insolites \u00e0 Hossegor"}]}},"_links":{"self":[{"href":"https:\/\/loreydulac.com\/es\/wp-json\/wp\/v2\/pages\/2867","targetHints":{"allow":["GET"]}}],"collection":[{"href":"https:\/\/loreydulac.com\/es\/wp-json\/wp\/v2\/pages"}],"about":[{"href":"https:\/\/loreydulac.com\/es\/wp-json\/wp\/v2\/types\/page"}],"author":[{"embeddable":true,"href":"https:\/\/loreydulac.com\/es\/wp-json\/wp\/v2\/users\/1"}],"replies":[{"embeddable":true,"href":"https:\/\/loreydulac.com\/es\/wp-json\/wp\/v2\/comments?post=2867"}],"version-history":[{"count":1,"href":"https:\/\/loreydulac.com\/es\/wp-json\/wp\/v2\/pages\/2867\/revisions"}],"predecessor-version":[{"id":2873,"href":"https:\/\/loreydulac.com\/es\/wp-json\/wp\/v2\/pages\/2867\/revisions\/2873"}],"wp:attachment":[{"href":"https:\/\/loreydulac.com\/es\/wp-json\/wp\/v2\/media?parent=2867"}],"curies":[{"name":"wp","href":"https:\/\/api.w.org\/{rel}","templated":true}]}}