{"id":2862,"date":"2024-02-05T14:21:31","date_gmt":"2024-02-05T13:21:31","guid":{"rendered":"https:\/\/loreydulac.com\/socios-de-lo-rey-du-lac\/"},"modified":"2024-03-04T15:26:13","modified_gmt":"2024-03-04T14:26:13","slug":"socios-de-lo-rey-du-lac","status":"publish","type":"page","link":"https:\/\/loreydulac.com\/es\/socios-de-lo-rey-du-lac\/","title":{"rendered":"Socios de Lo Rey du Lac"},"content":{"rendered":"<p><div class=\"fusion-fullwidth fullwidth-box fusion-builder-row-1 fusion-flex-container has-pattern-background has-mask-background nonhundred-percent-fullwidth non-hundred-percent-height-scrolling\" style=\"--awb-background-position:left center;--awb-border-radius-top-left:0px;--awb-border-radius-top-right:0px;--awb-border-radius-bottom-right:0px;--awb-border-radius-bottom-left:0px;--awb-padding-top:30px;--awb-padding-bottom:0px;--awb-padding-top-medium:90px;--awb-padding-bottom-medium:90px;--awb-margin-bottom:0px;--awb-background-color:var(--awb-color1);--awb-flex-wrap:wrap;\" ><div class=\"fusion-builder-row fusion-row fusion-flex-align-items-flex-start fusion-flex-justify-content-center fusion-flex-content-wrap\" style=\"max-width:calc( 1200px + 0px );margin-left: calc(-0px \/ 2 );margin-right: calc(-0px \/ 2 );\"><div class=\"fusion-layout-column fusion_builder_column fusion-builder-column-0 fusion_builder_column_1_1 1_1 fusion-flex-column fusion-animated\" style=\"--awb-bg-size:cover;--awb-width-large:100%;--awb-margin-top-large:0px;--awb-spacing-right-large:0px;--awb-margin-bottom-large:90px;--awb-spacing-left-large:0px;--awb-width-medium:100%;--awb-order-medium:0;--awb-spacing-right-medium:0px;--awb-spacing-left-medium:0px;--awb-width-small:100%;--awb-order-small:0;--awb-spacing-right-small:0px;--awb-margin-bottom-small:68px;--awb-spacing-left-small:0px;\" data-animationType=\"fadeInDown\" data-animationDuration=\"0.8\" data-animationDelay=\"0.2\" data-animationOffset=\"top-into-view\"><div class=\"fusion-column-wrapper fusion-column-has-shadow fusion-flex-justify-content-flex-start fusion-content-layout-column\"><div class=\"fusion-title title fusion-title-1 fusion-sep-none fusion-title-center fusion-title-text fusion-title-size-one\" style=\"--awb-text-color:var(--awb-color8);--awb-margin-bottom-small:20px;\"><h1 class=\"fusion-title-heading title-heading-center\" style=\"margin:0;\">Socios de Lo Rey du Lac<\/h1><\/div><div class=\"fusion-text fusion-text-1 fusion-no-small-visibility fusion-text-no-margin\" style=\"--awb-content-alignment:center;\"><p>Para mantenerle entretenido durante su estancia con nosotros, Lo Rey du lac ha establecido colaboraciones con varias empresas<br \/>\npara todas sus actividades<\/p>\n<\/div><\/div><\/div><\/div><\/div><div class=\"fusion-fullwidth fullwidth-box fusion-builder-row-2 fusion-flex-container has-pattern-background has-mask-background nonhundred-percent-fullwidth non-hundred-percent-height-scrolling\" style=\"--awb-background-position:left center;--awb-border-radius-top-left:0px;--awb-border-radius-top-right:0px;--awb-border-radius-bottom-right:0px;--awb-border-radius-bottom-left:0px;--awb-padding-top:20px;--awb-padding-bottom:130px;--awb-padding-top-medium:90px;--awb-padding-bottom-medium:90px;--awb-margin-top:0px;--awb-background-color:var(--awb-color1);--awb-flex-wrap:wrap;\" ><div class=\"fusion-builder-row fusion-row fusion-flex-align-items-flex-start fusion-flex-justify-content-center fusion-flex-content-wrap\" style=\"max-width:calc( 1200px + 0px );margin-left: calc(-0px \/ 2 );margin-right: calc(-0px \/ 2 );\"><div class=\"fusion-layout-column fusion_builder_column fusion-builder-column-1 fusion_builder_column_1_1 1_1 fusion-flex-column\" style=\"--awb-bg-size:cover;--awb-width-large:100%;--awb-margin-top-large:0px;--awb-spacing-right-large:0px;--awb-margin-bottom-large:20px;--awb-spacing-left-large:0px;--awb-width-medium:100%;--awb-order-medium:0;--awb-spacing-right-medium:0px;--awb-spacing-left-medium:0px;--awb-width-small:100%;--awb-order-small:0;--awb-spacing-right-small:0px;--awb-spacing-left-small:0px;\"><div class=\"fusion-column-wrapper fusion-column-has-shadow fusion-flex-justify-content-flex-start fusion-content-layout-column\"><div class=\"fusion-section-separator section-separator curved fusion-section-separator-1\" style=\"--awb-spacer-height:30px;--awb-divider-height:30px;--awb-spacer-padding-top:inherit;--awb-sep-padding:0;--awb-svg-padding:0;\"><div class=\"fusion-section-separator-svg\"><svg class=\"fusion-curved-candy\" xmlns=\"http:\/\/www.w3.org\/2000\/svg\" version=\"1.1\" width=\"100%\" height=\"100\" viewBox=\"0 0 100 100\" preserveAspectRatio=\"none\" fill=\"rgba(101,189,125,1)\"><path d=\"M0 0 C 20 100 50 100 100 0 Z\"><\/path><\/svg><\/div><div class=\"fusion-section-separator-spacer\"><div class=\"fusion-section-separator-spacer-height\"><\/div><\/div><\/div><\/div><\/div><div class=\"fusion-layout-column fusion_builder_column fusion-builder-column-2 fusion_builder_column_1_2 1_2 fusion-flex-column fusion-flex-align-self-center\" style=\"--awb-bg-size:cover;--awb-width-large:50%;--awb-margin-top-large:0px;--awb-spacing-right-large:0px;--awb-margin-bottom-large:0px;--awb-spacing-left-large:0px;--awb-width-medium:50%;--awb-order-medium:0;--awb-spacing-right-medium:0px;--awb-spacing-left-medium:0px;--awb-width-small:100%;--awb-order-small:0;--awb-spacing-right-small:0px;--awb-spacing-left-small:0px;\"><div class=\"fusion-column-wrapper fusion-column-has-shadow fusion-flex-justify-content-flex-start fusion-content-layout-column\"><div class=\"fusion-image-element \" style=\"text-align:center;--awb-caption-title-font-family:var(--h2_typography-font-family);--awb-caption-title-font-weight:var(--h2_typography-font-weight);--awb-caption-title-font-style:var(--h2_typography-font-style);--awb-caption-title-size:var(--h2_typography-font-size);--awb-caption-title-transform:var(--h2_typography-text-transform);--awb-caption-title-line-height:var(--h2_typography-line-height);--awb-caption-title-letter-spacing:var(--h2_typography-letter-spacing);\"><span class=\" fusion-imageframe imageframe-none imageframe-1 hover-type-none\"><img decoding=\"async\" width=\"292\" height=\"199\" title=\"logo-tao-magic-glisse\" src=\"http:\/\/loreydulac.com\/wp-content\/uploads\/2024\/02\/logo-tao-magic-glisse.webp\" alt class=\"img-responsive wp-image-2606\" srcset=\"https:\/\/loreydulac.com\/wp-content\/uploads\/2024\/02\/logo-tao-magic-glisse-200x136.webp 200w, https:\/\/loreydulac.com\/wp-content\/uploads\/2024\/02\/logo-tao-magic-glisse.webp 292w\" sizes=\"(max-width: 640px) 100vw, 292px\" \/><\/span><\/div><\/div><\/div><div class=\"fusion-layout-column fusion_builder_column fusion-builder-column-3 fusion_builder_column_1_2 1_2 fusion-flex-column fusion-flex-align-self-center\" style=\"--awb-z-index:99999;--awb-padding-top:90px;--awb-padding-right:90px;--awb-padding-bottom:90px;--awb-padding-left:90px;--awb-padding-top-medium:60px;--awb-padding-right-medium:60px;--awb-padding-bottom-medium:60px;--awb-padding-left-medium:60px;--awb-bg-color:var(--awb-color2);--awb-bg-color-hover:var(--awb-color2);--awb-bg-size:cover;--awb-width-large:50%;--awb-margin-top-large:0px;--awb-spacing-right-large:0px;--awb-margin-bottom-large:0px;--awb-spacing-left-large:-50px;--awb-width-medium:50%;--awb-order-medium:0;--awb-spacing-right-medium:0px;--awb-spacing-left-medium:-50px;--awb-width-small:100%;--awb-order-small:0;--awb-spacing-right-small:0px;--awb-spacing-left-small:0px;\"><div class=\"fusion-column-wrapper fusion-column-has-shadow fusion-flex-justify-content-flex-start fusion-content-layout-column\"><div class=\"fusion-title title fusion-title-2 fusion-sep-none fusion-title-text fusion-title-size-three\" style=\"--awb-text-color:var(--awb-color8);--awb-margin-bottom:20px;\"><h3 class=\"fusion-title-heading title-heading-left\" style=\"margin:0;\">Tao Magic Glisse<\/h3><\/div><div class=\"fusion-text fusion-text-2 fusion-text-no-margin\" style=\"--awb-margin-right:20%;\"><p>Desde 1986, Tao Magic Glisse es una escuela de surf situada frente a la playa Sur de Hossegor, abierta de marzo a noviembre, 7\/7 y de 9h a 19h.<\/p>\n<p>Un ambiente l\u00fadico y festivo y unos monitores simp\u00e1ticos y profesionales: la forma ideal de aprender a surfear en las mejores condiciones.<\/p>\n<p>Recibir\u00e1 asesoramiento personalizado para ayudarle a progresar lo m\u00e1s r\u00e1pidamente posible. La emoci\u00f3n est\u00e1 garantizada desde las primeras lecciones.<\/p>\n<p>Tao Magic Glisse ofrece diversas formas de aprender y mejorar tus habilidades:<\/p>\n<ul>\n<li>pr\u00e1cticas<\/li>\n<li>cursos para grupos<\/li>\n<li>clases particulares<\/li>\n<li>Cursos de surf y golf<\/li>\n<li>o Surfaris<\/li>\n<\/ul>\n<p>Su sitio web:<a href=\"https:\/\/tao-magic-glisse.com\/\" target=\"_blank\" rel=\"noopener\"> TAO-MAGIC-GLISSE<\/a><\/p>\n<\/div><\/div><\/div><div class=\"fusion-layout-column fusion_builder_column fusion-builder-column-4 fusion_builder_column_1_2 1_2 fusion-flex-column fusion-flex-align-self-center\" style=\"--awb-z-index:9999;--awb-padding-top:90px;--awb-padding-right:90px;--awb-padding-bottom:90px;--awb-padding-left:90px;--awb-padding-top-medium:60px;--awb-padding-right-medium:60px;--awb-padding-bottom-medium:60px;--awb-padding-left-medium:60px;--awb-bg-color:var(--awb-color2);--awb-bg-color-hover:var(--awb-color2);--awb-bg-size:cover;--awb-width-large:50%;--awb-margin-top-large:0px;--awb-spacing-right-large:0px;--awb-margin-bottom-large:0px;--awb-spacing-left-large:0px;--awb-width-medium:50%;--awb-order-medium:0;--awb-spacing-right-medium:0px;--awb-spacing-left-medium:0px;--awb-width-small:100%;--awb-order-small:1;--awb-spacing-right-small:0px;--awb-spacing-left-small:0px;\"><div class=\"fusion-column-wrapper fusion-column-has-shadow fusion-flex-justify-content-flex-start fusion-content-layout-column\"><div class=\"fusion-title title fusion-title-3 fusion-sep-none fusion-title-text fusion-title-size-three\" style=\"--awb-text-color:var(--awb-color8);--awb-margin-bottom:20px;\"><h3 class=\"fusion-title-heading title-heading-left\" style=\"margin:0;\"><p>Bicicletas entregadas<\/p>\n<p>&nbsp;<\/p><\/h3><\/div><div class=\"fusion-text fusion-text-3 fusion-text-no-margin\" style=\"--awb-margin-right:20%;\"><p>Con v\u00e9lo-livr\u00e9, no hace falta ir a una tienda para alquilar una bicicleta.<\/p>\n<p>Ahora pueden entregarse y recogerse en nuestra recepci\u00f3n.<\/p>\n<p>Nuestro socio ofrece bicicletas de alquiler para toda la familia. Bicicletas cl\u00e1sicas, bicicletas el\u00e9ctricas, fat bikes, bicicletas para ni\u00f1os, remolques, sillas para ni\u00f1os&#8230;. seguro que encuentra lo que busca.<\/p>\n<p>Aproveche un descuento inmediato del 10% en todos los pedidos fuera de temporada (a partir de 2 d\u00edas de alquiler) con el C\u00d3DIGO DE OFERTA ESPECIAL: LOREY10<\/p>\n<p>Su sitio web: <a href=\"https:\/\/velo-livre-com.lokki.rent\/\">V\u00e9lo Livr\u00e9<\/a><\/p>\n<\/div><\/div><\/div><div class=\"fusion-layout-column fusion_builder_column fusion-builder-column-5 fusion_builder_column_1_2 1_2 fusion-flex-column fusion-flex-align-self-center\" style=\"--awb-bg-size:cover;--awb-width-large:50%;--awb-margin-top-large:0px;--awb-spacing-right-large:0px;--awb-margin-bottom-large:0px;--awb-spacing-left-large:26px;--awb-width-medium:50%;--awb-order-medium:0;--awb-spacing-right-medium:0px;--awb-spacing-left-medium:26px;--awb-width-small:100%;--awb-order-small:0;--awb-spacing-right-small:0px;--awb-spacing-left-small:0px;\"><div class=\"fusion-column-wrapper fusion-column-has-shadow fusion-flex-justify-content-flex-start fusion-content-layout-column\"><div class=\"fusion-image-element \" style=\"--awb-caption-title-font-family:var(--h2_typography-font-family);--awb-caption-title-font-weight:var(--h2_typography-font-weight);--awb-caption-title-font-style:var(--h2_typography-font-style);--awb-caption-title-size:var(--h2_typography-font-size);--awb-caption-title-transform:var(--h2_typography-text-transform);--awb-caption-title-line-height:var(--h2_typography-line-height);--awb-caption-title-letter-spacing:var(--h2_typography-letter-spacing);\"><span class=\" fusion-imageframe imageframe-none imageframe-2 hover-type-none\"><img decoding=\"async\" width=\"510\" height=\"99\" title=\"velo-livre\" src=\"http:\/\/loreydulac.com\/wp-content\/uploads\/2024\/02\/velo-livre.webp\" alt class=\"img-responsive wp-image-2610\" srcset=\"https:\/\/loreydulac.com\/wp-content\/uploads\/2024\/02\/velo-livre-200x39.webp 200w, https:\/\/loreydulac.com\/wp-content\/uploads\/2024\/02\/velo-livre-400x78.webp 400w, https:\/\/loreydulac.com\/wp-content\/uploads\/2024\/02\/velo-livre.webp 510w\" sizes=\"(max-width: 640px) 100vw, 510px\" \/><\/span><\/div><\/div><\/div><div class=\"fusion-layout-column fusion_builder_column fusion-builder-column-6 fusion_builder_column_1_2 1_2 fusion-flex-column fusion-flex-align-self-center\" style=\"--awb-bg-size:cover;--awb-width-large:50%;--awb-margin-top-large:0px;--awb-spacing-right-large:0px;--awb-margin-bottom-large:0px;--awb-spacing-left-large:0px;--awb-width-medium:50%;--awb-order-medium:0;--awb-spacing-right-medium:0px;--awb-spacing-left-medium:0px;--awb-width-small:100%;--awb-order-small:0;--awb-spacing-right-small:0px;--awb-spacing-left-small:0px;\"><div class=\"fusion-column-wrapper fusion-column-has-shadow fusion-flex-justify-content-flex-start fusion-content-layout-column\"><div class=\"fusion-image-element \" style=\"--awb-aspect-ratio:1 \/ 1;--awb-object-position:39% 47%;--awb-caption-title-font-family:var(--h2_typography-font-family);--awb-caption-title-font-weight:var(--h2_typography-font-weight);--awb-caption-title-font-style:var(--h2_typography-font-style);--awb-caption-title-size:var(--h2_typography-font-size);--awb-caption-title-transform:var(--h2_typography-text-transform);--awb-caption-title-line-height:var(--h2_typography-line-height);--awb-caption-title-letter-spacing:var(--h2_typography-letter-spacing);\"><span class=\" fusion-imageframe imageframe-none imageframe-3 hover-type-none has-aspect-ratio\"><img decoding=\"async\" width=\"900\" height=\"900\" title=\"mana-yoga-center\" src=\"http:\/\/loreydulac.com\/wp-content\/uploads\/2024\/02\/mana-yoga-center.webp\" class=\"img-responsive wp-image-2614 img-with-aspect-ratio\" alt srcset=\"https:\/\/loreydulac.com\/wp-content\/uploads\/2024\/02\/mana-yoga-center-200x200.webp 200w, https:\/\/loreydulac.com\/wp-content\/uploads\/2024\/02\/mana-yoga-center-400x400.webp 400w, https:\/\/loreydulac.com\/wp-content\/uploads\/2024\/02\/mana-yoga-center-600x600.webp 600w, https:\/\/loreydulac.com\/wp-content\/uploads\/2024\/02\/mana-yoga-center-800x800.webp 800w, https:\/\/loreydulac.com\/wp-content\/uploads\/2024\/02\/mana-yoga-center.webp 900w\" sizes=\"(max-width: 640px) 100vw, 800px\" \/><\/span><\/div><\/div><\/div><div class=\"fusion-layout-column fusion_builder_column fusion-builder-column-7 fusion_builder_column_1_2 1_2 fusion-flex-column fusion-flex-align-self-center\" style=\"--awb-z-index:99999;--awb-padding-top:90px;--awb-padding-right:90px;--awb-padding-bottom:90px;--awb-padding-left:90px;--awb-padding-top-medium:60px;--awb-padding-right-medium:60px;--awb-padding-bottom-medium:60px;--awb-padding-left-medium:60px;--awb-bg-color:var(--awb-color2);--awb-bg-color-hover:var(--awb-color2);--awb-bg-size:cover;--awb-width-large:50%;--awb-margin-top-large:0px;--awb-spacing-right-large:0px;--awb-margin-bottom-large:0px;--awb-spacing-left-large:-50px;--awb-width-medium:50%;--awb-order-medium:0;--awb-spacing-right-medium:0px;--awb-spacing-left-medium:-50px;--awb-width-small:100%;--awb-order-small:0;--awb-spacing-right-small:0px;--awb-spacing-left-small:0px;\"><div class=\"fusion-column-wrapper fusion-column-has-shadow fusion-flex-justify-content-flex-start fusion-content-layout-column\"><div class=\"fusion-title title fusion-title-4 fusion-sep-none fusion-title-text fusion-title-size-three\" style=\"--awb-text-color:var(--awb-color8);--awb-margin-bottom:20px;\"><h3 class=\"fusion-title-heading title-heading-left\" style=\"margin:0;\">Centro de Yoga Mana<\/h3><\/div><div class=\"fusion-text fusion-text-4 fusion-text-no-margin\" style=\"--awb-margin-right:20%;\"><p class=\"has-text-align-center\"><strong>Mana Yoga Center<\/strong> le da la bienvenida al coraz\u00f3n de Hossegor para vivir una experiencia \u00fanica de intercambio, bienestar y descubrimiento de un verdadero \u00abestilo de vida yoga\u00bb.<\/p>\n<p class=\"has-text-align-center\">Ofrecen clases en grupo e individuales, as\u00ed como talleres, cursos, retiros y formaci\u00f3n en yoga durante todo el a\u00f1o.<\/p>\n<p class=\"has-text-align-center\">Para un fin de semana, una semana o todo el a\u00f1o, elija la opci\u00f3n que m\u00e1s le convenga para cuidar su cuerpo y su mente.<\/p>\n<p class=\"has-text-align-center\">Vinyasa . Hatha . Ashtanga . Mysore . Yin . Yoga para ni\u00f1os . Pranayama . Meditaci\u00f3n<br \/>\nClases de franc\u00e9s \/ ingl\u00e9s<br \/>\nAbierto 7 d\u00edas a la semana<\/p>\n<p class=\"has-text-align-center\">Solicite la tarjeta de descuento del 30% en nuestra recepci\u00f3n<br \/>\nestablecimiento<\/p>\n<p>Su p\u00e1gina web: <a href=\"https:\/\/manayogacenter.com\/\" target=\"_blank\" rel=\"noopener\">MANA YOGA CENTER<\/a><\/p>\n<\/div><\/div><\/div><div class=\"fusion-layout-column fusion_builder_column fusion-builder-column-8 fusion_builder_column_1_1 1_1 fusion-flex-column\" style=\"--awb-bg-size:cover;--awb-width-large:100%;--awb-margin-top-large:0px;--awb-spacing-right-large:0px;--awb-margin-bottom-large:20px;--awb-spacing-left-large:0px;--awb-width-medium:100%;--awb-order-medium:0;--awb-spacing-right-medium:0px;--awb-spacing-left-medium:0px;--awb-width-small:100%;--awb-order-small:0;--awb-spacing-right-small:0px;--awb-spacing-left-small:0px;\"><div class=\"fusion-column-wrapper fusion-column-has-shadow fusion-flex-justify-content-flex-start fusion-content-layout-column\"><div class=\"fusion-section-separator section-separator curved fusion-section-separator-2\" style=\"--awb-spacer-height:30px;--awb-divider-height:30px;--awb-spacer-padding-top:inherit;--awb-sep-padding:0;--awb-svg-padding:0;\"><div class=\"fusion-section-separator-svg\"><svg class=\"fusion-curved-candy\" xmlns=\"http:\/\/www.w3.org\/2000\/svg\" version=\"1.1\" width=\"100%\" height=\"100\" viewBox=\"0 0 100 100\" preserveAspectRatio=\"none\" fill=\"rgba(101,189,125,1)\"><path d=\"M0 100 C 20 0 50 0 100 100 Z\"><\/path><\/svg><\/div><div class=\"fusion-section-separator-spacer\"><div class=\"fusion-section-separator-spacer-height\"><\/div><\/div><\/div><\/div><\/div><\/div><\/div><\/p>\n","protected":false},"excerpt":{"rendered":"","protected":false},"author":1,"featured_media":0,"parent":0,"menu_order":0,"comment_status":"closed","ping_status":"closed","template":"100-width.php","meta":{"footnotes":""},"class_list":["post-2862","page","type-page","status-publish","hentry"],"yoast_head":"<!-- This site is optimized with the Yoast SEO Premium plugin v22.0 (Yoast SEO v26.5) - https:\/\/yoast.com\/wordpress\/plugins\/seo\/ -->\n<title>Los socios de Lo Rey du Lac<\/title>\n<meta name=\"description\" content=\"\u00bfLe gustar\u00eda completar sus ins\u00f3litas vacaciones con una actividad? Descubra nuestros socios\" \/>\n<meta name=\"robots\" content=\"index, follow, max-snippet:-1, max-image-preview:large, max-video-preview:-1\" \/>\n<link rel=\"canonical\" href=\"https:\/\/loreydulac.com\/es\/socios-de-lo-rey-du-lac\/\" \/>\n<meta property=\"og:locale\" content=\"es_ES\" \/>\n<meta property=\"og:type\" content=\"article\" \/>\n<meta property=\"og:title\" content=\"Socios de Lo Rey du Lac\" \/>\n<meta property=\"og:description\" content=\"\u00bfLe gustar\u00eda completar sus ins\u00f3litas vacaciones con una actividad? Descubra nuestros socios\" \/>\n<meta property=\"og:url\" content=\"https:\/\/loreydulac.com\/es\/socios-de-lo-rey-du-lac\/\" \/>\n<meta property=\"og:site_name\" content=\"Lo Rey du Lac - H\u00e9bergements Insolites \u00e0 Hossegor\" \/>\n<meta property=\"article:publisher\" content=\"https:\/\/www.facebook.com\/loreydulac\" \/>\n<meta property=\"article:modified_time\" content=\"2024-03-04T14:26:13+00:00\" \/>\n<meta name=\"twitter:card\" content=\"summary_large_image\" \/>\n<meta name=\"twitter:label1\" content=\"Tiempo de lectura\" \/>\n\t<meta name=\"twitter:data1\" content=\"20 minutos\" \/>\n<script type=\"application\/ld+json\" class=\"yoast-schema-graph\">{\"@context\":\"https:\/\/schema.org\",\"@graph\":[{\"@type\":\"WebPage\",\"@id\":\"https:\/\/loreydulac.com\/es\/socios-de-lo-rey-du-lac\/\",\"url\":\"https:\/\/loreydulac.com\/es\/socios-de-lo-rey-du-lac\/\",\"name\":\"Los socios de Lo Rey du Lac\",\"isPartOf\":{\"@id\":\"https:\/\/loreydulac.com\/es\/#website\"},\"datePublished\":\"2024-02-05T13:21:31+00:00\",\"dateModified\":\"2024-03-04T14:26:13+00:00\",\"description\":\"\u00bfLe gustar\u00eda completar sus ins\u00f3litas vacaciones con una actividad? Descubra nuestros socios\",\"breadcrumb\":{\"@id\":\"https:\/\/loreydulac.com\/es\/socios-de-lo-rey-du-lac\/#breadcrumb\"},\"inLanguage\":\"es\",\"potentialAction\":[{\"@type\":\"ReadAction\",\"target\":[\"https:\/\/loreydulac.com\/es\/socios-de-lo-rey-du-lac\/\"]}]},{\"@type\":\"BreadcrumbList\",\"@id\":\"https:\/\/loreydulac.com\/es\/socios-de-lo-rey-du-lac\/#breadcrumb\",\"itemListElement\":[{\"@type\":\"ListItem\",\"position\":1,\"name\":\"Accueil\",\"item\":\"https:\/\/loreydulac.com\/es\/inicio\/\"},{\"@type\":\"ListItem\",\"position\":2,\"name\":\"Socios de Lo Rey du Lac\"}]},{\"@type\":\"WebSite\",\"@id\":\"https:\/\/loreydulac.com\/es\/#website\",\"url\":\"https:\/\/loreydulac.com\/es\/\",\"name\":\"Lo Rey du Lac - H\u00e9bergements Insolites \u00e0 Hossegor\",\"description\":\"H\u00e9bergements Insolites nature depuis 2013\",\"publisher\":{\"@id\":\"https:\/\/loreydulac.com\/es\/#organization\"},\"potentialAction\":[{\"@type\":\"SearchAction\",\"target\":{\"@type\":\"EntryPoint\",\"urlTemplate\":\"https:\/\/loreydulac.com\/es\/?s={search_term_string}\"},\"query-input\":{\"@type\":\"PropertyValueSpecification\",\"valueRequired\":true,\"valueName\":\"search_term_string\"}}],\"inLanguage\":\"es\"},{\"@type\":[\"Organization\",\"Place\"],\"@id\":\"https:\/\/loreydulac.com\/es\/#organization\",\"name\":\"Lo Rey du Lac - H\u00e9bergements Insolites \u00e0 Hossegor\",\"url\":\"https:\/\/loreydulac.com\/es\/\",\"logo\":{\"@id\":\"https:\/\/loreydulac.com\/es\/socios-de-lo-rey-du-lac\/#local-main-organization-logo\"},\"image\":{\"@id\":\"https:\/\/loreydulac.com\/es\/socios-de-lo-rey-du-lac\/#local-main-organization-logo\"},\"sameAs\":[\"https:\/\/www.facebook.com\/loreydulac\",\"https:\/\/www.instagram.com\/loreydulac\/\"],\"telephone\":[],\"openingHoursSpecification\":[{\"@type\":\"OpeningHoursSpecification\",\"dayOfWeek\":[\"Monday\",\"Tuesday\",\"Wednesday\",\"Thursday\",\"Friday\",\"Saturday\",\"Sunday\"],\"opens\":\"09:00\",\"closes\":\"17:00\"}]},{\"@type\":\"ImageObject\",\"inLanguage\":\"es\",\"@id\":\"https:\/\/loreydulac.com\/es\/socios-de-lo-rey-du-lac\/#local-main-organization-logo\",\"url\":\"https:\/\/loreydulac.com\/wp-content\/uploads\/2024\/02\/Logo.png\",\"contentUrl\":\"https:\/\/loreydulac.com\/wp-content\/uploads\/2024\/02\/Logo.png\",\"width\":500,\"height\":500,\"caption\":\"Lo Rey du Lac - H\u00e9bergements Insolites \u00e0 Hossegor\"}]}<\/script>\n<!-- \/ Yoast SEO Premium plugin. -->","yoast_head_json":{"title":"Los socios de Lo Rey du Lac","description":"\u00bfLe gustar\u00eda completar sus ins\u00f3litas vacaciones con una actividad? Descubra nuestros socios","robots":{"index":"index","follow":"follow","max-snippet":"max-snippet:-1","max-image-preview":"max-image-preview:large","max-video-preview":"max-video-preview:-1"},"canonical":"https:\/\/loreydulac.com\/es\/socios-de-lo-rey-du-lac\/","og_locale":"es_ES","og_type":"article","og_title":"Socios de Lo Rey du Lac","og_description":"\u00bfLe gustar\u00eda completar sus ins\u00f3litas vacaciones con una actividad? Descubra nuestros socios","og_url":"https:\/\/loreydulac.com\/es\/socios-de-lo-rey-du-lac\/","og_site_name":"Lo Rey du Lac - H\u00e9bergements Insolites \u00e0 Hossegor","article_publisher":"https:\/\/www.facebook.com\/loreydulac","article_modified_time":"2024-03-04T14:26:13+00:00","twitter_card":"summary_large_image","twitter_misc":{"Tiempo de lectura":"20 minutos"},"schema":{"@context":"https:\/\/schema.org","@graph":[{"@type":"WebPage","@id":"https:\/\/loreydulac.com\/es\/socios-de-lo-rey-du-lac\/","url":"https:\/\/loreydulac.com\/es\/socios-de-lo-rey-du-lac\/","name":"Los socios de Lo Rey du Lac","isPartOf":{"@id":"https:\/\/loreydulac.com\/es\/#website"},"datePublished":"2024-02-05T13:21:31+00:00","dateModified":"2024-03-04T14:26:13+00:00","description":"\u00bfLe gustar\u00eda completar sus ins\u00f3litas vacaciones con una actividad? Descubra nuestros socios","breadcrumb":{"@id":"https:\/\/loreydulac.com\/es\/socios-de-lo-rey-du-lac\/#breadcrumb"},"inLanguage":"es","potentialAction":[{"@type":"ReadAction","target":["https:\/\/loreydulac.com\/es\/socios-de-lo-rey-du-lac\/"]}]},{"@type":"BreadcrumbList","@id":"https:\/\/loreydulac.com\/es\/socios-de-lo-rey-du-lac\/#breadcrumb","itemListElement":[{"@type":"ListItem","position":1,"name":"Accueil","item":"https:\/\/loreydulac.com\/es\/inicio\/"},{"@type":"ListItem","position":2,"name":"Socios de Lo Rey du Lac"}]},{"@type":"WebSite","@id":"https:\/\/loreydulac.com\/es\/#website","url":"https:\/\/loreydulac.com\/es\/","name":"Lo Rey du Lac - H\u00e9bergements Insolites \u00e0 Hossegor","description":"H\u00e9bergements Insolites nature depuis 2013","publisher":{"@id":"https:\/\/loreydulac.com\/es\/#organization"},"potentialAction":[{"@type":"SearchAction","target":{"@type":"EntryPoint","urlTemplate":"https:\/\/loreydulac.com\/es\/?s={search_term_string}"},"query-input":{"@type":"PropertyValueSpecification","valueRequired":true,"valueName":"search_term_string"}}],"inLanguage":"es"},{"@type":["Organization","Place"],"@id":"https:\/\/loreydulac.com\/es\/#organization","name":"Lo Rey du Lac - H\u00e9bergements Insolites \u00e0 Hossegor","url":"https:\/\/loreydulac.com\/es\/","logo":{"@id":"https:\/\/loreydulac.com\/es\/socios-de-lo-rey-du-lac\/#local-main-organization-logo"},"image":{"@id":"https:\/\/loreydulac.com\/es\/socios-de-lo-rey-du-lac\/#local-main-organization-logo"},"sameAs":["https:\/\/www.facebook.com\/loreydulac","https:\/\/www.instagram.com\/loreydulac\/"],"telephone":[],"openingHoursSpecification":[{"@type":"OpeningHoursSpecification","dayOfWeek":["Monday","Tuesday","Wednesday","Thursday","Friday","Saturday","Sunday"],"opens":"09:00","closes":"17:00"}]},{"@type":"ImageObject","inLanguage":"es","@id":"https:\/\/loreydulac.com\/es\/socios-de-lo-rey-du-lac\/#local-main-organization-logo","url":"https:\/\/loreydulac.com\/wp-content\/uploads\/2024\/02\/Logo.png","contentUrl":"https:\/\/loreydulac.com\/wp-content\/uploads\/2024\/02\/Logo.png","width":500,"height":500,"caption":"Lo Rey du Lac - H\u00e9bergements Insolites \u00e0 Hossegor"}]}},"_links":{"self":[{"href":"https:\/\/loreydulac.com\/es\/wp-json\/wp\/v2\/pages\/2862","targetHints":{"allow":["GET"]}}],"collection":[{"href":"https:\/\/loreydulac.com\/es\/wp-json\/wp\/v2\/pages"}],"about":[{"href":"https:\/\/loreydulac.com\/es\/wp-json\/wp\/v2\/types\/page"}],"author":[{"embeddable":true,"href":"https:\/\/loreydulac.com\/es\/wp-json\/wp\/v2\/users\/1"}],"replies":[{"embeddable":true,"href":"https:\/\/loreydulac.com\/es\/wp-json\/wp\/v2\/comments?post=2862"}],"version-history":[{"count":1,"href":"https:\/\/loreydulac.com\/es\/wp-json\/wp\/v2\/pages\/2862\/revisions"}],"predecessor-version":[{"id":2865,"href":"https:\/\/loreydulac.com\/es\/wp-json\/wp\/v2\/pages\/2862\/revisions\/2865"}],"wp:attachment":[{"href":"https:\/\/loreydulac.com\/es\/wp-json\/wp\/v2\/media?parent=2862"}],"curies":[{"name":"wp","href":"https:\/\/api.w.org\/{rel}","templated":true}]}}