{"id":2856,"date":"2024-02-05T14:21:56","date_gmt":"2024-02-05T13:21:56","guid":{"rendered":"https:\/\/loreydulac.com\/las-zpe-y-su-uso\/"},"modified":"2024-03-04T15:26:13","modified_gmt":"2024-03-04T14:26:13","slug":"las-zpe-y-su-uso","status":"publish","type":"page","link":"https:\/\/loreydulac.com\/es\/las-zpe-y-su-uso\/","title":{"rendered":"Las ZPE y su uso"},"content":{"rendered":"<p><div class=\"fusion-bg-parallax\" data-bg-align=\"left bottom\" data-direction=\"down\" data-mute=\"false\" data-opacity=\"100\" data-velocity=\"-0.3\" data-mobile-enabled=\"false\" data-break_parents=\"0\" data-bg-image=\"http:\/\/loreydulac.com\/wp-content\/uploads\/2024\/02\/SPA-Privatif-Kota.webp\" data-bg-repeat=\"false\" ><\/div><div class=\"fusion-fullwidth fullwidth-box fusion-builder-row-1 fusion-flex-container has-pattern-background has-mask-background fusion-parallax-down nonhundred-percent-fullwidth non-hundred-percent-height-scrolling fusion-animated\" style=\"--awb-background-position:left bottom;--awb-border-radius-top-left:0px;--awb-border-radius-top-right:0px;--awb-border-radius-bottom-right:0px;--awb-border-radius-bottom-left:0px;--awb-padding-top:75.931px;--awb-padding-bottom:75.9306px;--awb-padding-top-small:80px;--awb-padding-bottom-small:80px;--awb-margin-bottom:0px;--awb-background-image:url(&quot;http:\/\/loreydulac.com\/wp-content\/uploads\/2024\/02\/SPA-Privatif-Kota.webp&quot;);--awb-background-size:cover;--awb-flex-wrap:wrap;--awb-animation-color:var(--awb-color3);\" data-animationType=\"revealInLeft\" data-animationDuration=\"1.2\" data-animationOffset=\"top-into-view\" ><div class=\"fusion-builder-row fusion-row fusion-flex-align-items-flex-start fusion-flex-content-wrap\" style=\"max-width:1248px;margin-left: calc(-4% \/ 2 );margin-right: calc(-4% \/ 2 );\"><div class=\"fusion-layout-column fusion_builder_column fusion-builder-column-0 fusion_builder_column_1_1 1_1 fusion-flex-column\" style=\"--awb-bg-color:rgba(255,255,255,0.55);--awb-bg-color-hover:rgba(255,255,255,0.55);--awb-bg-size:cover;--awb-width-large:100%;--awb-margin-top-large:0px;--awb-spacing-right-large:1.92%;--awb-margin-bottom-large:20px;--awb-spacing-left-large:1.92%;--awb-width-medium:100%;--awb-order-medium:0;--awb-spacing-right-medium:1.92%;--awb-spacing-left-medium:1.92%;--awb-width-small:100%;--awb-order-small:0;--awb-spacing-right-small:1.92%;--awb-spacing-left-small:1.92%;\"><div class=\"fusion-column-wrapper fusion-column-has-shadow fusion-flex-justify-content-flex-start fusion-content-layout-column\"><div class=\"fusion-title title fusion-title-1 fusion-no-small-visibility fusion-sep-none fusion-title-center fusion-title-text fusion-title-size-one\" style=\"--awb-text-color:var(--awb-color8);--awb-margin-bottom:20px;--awb-margin-bottom-small:20px;\"><h1 class=\"fusion-title-heading title-heading-center\" style=\"margin:0;\">Las ZPE y su uso<\/h1><\/div><\/div><\/div><\/div><\/div><div class=\"fusion-fullwidth fullwidth-box fusion-builder-row-2 fusion-flex-container has-pattern-background has-mask-background nonhundred-percent-fullwidth non-hundred-percent-height-scrolling\" style=\"--awb-border-radius-top-left:0px;--awb-border-radius-top-right:0px;--awb-border-radius-bottom-right:0px;--awb-border-radius-bottom-left:0px;--awb-flex-wrap:wrap;\" ><div class=\"fusion-builder-row fusion-row fusion-flex-align-items-flex-start fusion-flex-content-wrap\" style=\"max-width:1248px;margin-left: calc(-4% \/ 2 );margin-right: calc(-4% \/ 2 );\"><div class=\"fusion-layout-column fusion_builder_column fusion-builder-column-1 fusion_builder_column_1_1 1_1 fusion-flex-column\" style=\"--awb-bg-size:cover;--awb-width-large:100%;--awb-margin-top-large:25px;--awb-spacing-right-large:1.92%;--awb-margin-bottom-large:20px;--awb-spacing-left-large:1.92%;--awb-width-medium:100%;--awb-order-medium:0;--awb-spacing-right-medium:1.92%;--awb-spacing-left-medium:1.92%;--awb-width-small:100%;--awb-order-small:0;--awb-spacing-right-small:1.92%;--awb-spacing-left-small:1.92%;\"><div class=\"fusion-column-wrapper fusion-column-has-shadow fusion-flex-justify-content-flex-start fusion-content-layout-column\"><div class=\"fusion-text fusion-text-1\"><p>Nuestro objetivo siempre ha sido ofrecerle el <strong>m\u00e1ximo confort<\/strong>. Por eso, en cuanto se cre\u00f3 la primera Bulle, se instal\u00f3 un SPA <a href=\"https:\/\/softub.fr\/\">Softub<\/a>. Y as\u00ed ocurre en todos nuestros alojamientos para parejas. Nuestros SPA tienen una <strong>estructura r\u00edgida<\/strong>, pero est\u00e1n recubiertos por dentro y por fuera de espuma aislante <strong>agradable<\/strong> al tacto.<\/p>\n<p>Todos <strong>los d\u00edas<\/strong> del a\u00f1o, nuestros SPA se <strong>limpian<\/strong> meticulosamente y se miden y ajustan los niveles de pH y cloro para garantizar las mejores condiciones posibles para su uso el d\u00eda de su llegada. Un peque\u00f1o extra: justo antes de llegar, a\u00f1adimos un poco de aceite esencial.<\/p>\n<p>Calentamos nuestros SPA durante todo el a\u00f1o a una temperatura de unos 38 \u00b0C. Se recomienda encarecidamente a las mujeres embarazadas que no utilicen el SPA.<\/p>\n<p>Si a\u00fan as\u00ed quieres disfrutarlo, av\u00edsanos para que bajemos la temperatura de funcionamiento a 36\u00b0.<\/p>\n<p>Utilizar su SPA no podr\u00eda ser m\u00e1s f\u00e1cil: le explicaremos c\u00f3mo funciona cuando llegue. Adem\u00e1s, hay una hoja informativa disponible en cada alojamiento.<\/p>\n<p>Un recordatorio r\u00e1pido: antes de cualquier uso, debe ducharse. No debe utilizarse de forma continuada durante m\u00e1s de 2 horas.<\/p>\n<ul>\n<li>Est\u00e1 <strong>terminantemente prohibido fumar<\/strong> o acercarse a fuentes de calor, as\u00ed como utilizar objetos punzantes cerca o dentro del SPA.<\/li>\n<li>Los SPA <strong>no <\/strong>se recomiendan <strong>a las mujeres embarazadas<\/strong>. En cada situaci\u00f3n personal, es necesario obtener asesoramiento m\u00e9dico previo e indicarnos que bajemos la temperatura del agua a 36 \u00b0C.<\/li>\n<li><strong>Los menores de 16 a\u00f1os no<\/strong> pueden utilizar el SPA.<\/li>\n<li>Se <strong>proh\u00edbe<\/strong> el uso de SPA con <strong>tiempo tormentoso<\/strong>.<\/li>\n<li>Se <strong>recomienda encarecidamente<\/strong> no realizar sesiones largas, <strong>nunca de m\u00e1s de 2 horas<\/strong>, sino varias sesiones intercaladas (por la noche, a primera hora de la ma\u00f1ana, etc.).<\/li>\n<li>El SPA es un momento de relajaci\u00f3n y le pedimos que sea lo m\u00e1s discreto posible.<\/li>\n<\/ul>\n<\/div><div class=\"accordian fusion-accordian\" style=\"--awb-border-size:1px;--awb-icon-size:16px;--awb-content-font-size:var(--awb-typography4-font-size);--awb-icon-alignment:left;--awb-hover-color:var(--awb-color2);--awb-border-color:var(--awb-color3);--awb-background-color:var(--awb-color1);--awb-divider-color:var(--awb-color3);--awb-divider-hover-color:var(--awb-color3);--awb-icon-color:var(--awb-color1);--awb-title-color:var(--awb-color8);--awb-content-color:var(--awb-color8);--awb-icon-box-color:var(--awb-color8);--awb-toggle-hover-accent-color:var(--awb-color5);--awb-title-font-family:var(--awb-typography1-font-family);--awb-title-font-weight:var(--awb-typography1-font-weight);--awb-title-font-style:var(--awb-typography1-font-style);--awb-title-font-size:16px;--awb-content-font-family:var(--awb-typography4-font-family);--awb-content-font-weight:var(--awb-typography4-font-weight);--awb-content-font-style:var(--awb-typography4-font-style);\"><div class=\"panel-group fusion-toggle-icon-boxed\" id=\"accordion-2856-1\"><div class=\"fusion-panel panel-default panel-155d96a0c15249741 fusion-toggle-has-divider\"><div class=\"panel-heading\"><h4 class=\"panel-title toggle\" id=\"toggle_155d96a0c15249741\"><a aria-expanded=\"false\" aria-controls=\"155d96a0c15249741\" role=\"button\" data-toggle=\"collapse\" data-parent=\"#accordion-2856-1\" data-target=\"#155d96a0c15249741\" href=\"#155d96a0c15249741\"><span class=\"fusion-toggle-icon-wrapper\" aria-hidden=\"true\"><i class=\"fa-fusion-box active-icon awb-icon-minus\" aria-hidden=\"true\"><\/i><i class=\"fa-fusion-box inactive-icon awb-icon-plus\" aria-hidden=\"true\"><\/i><\/span><span class=\"fusion-toggle-heading\">\u00bfEst\u00e1n abiertos los balnearios en invierno?<\/span><\/a><\/h4><\/div><div id=\"155d96a0c15249741\" class=\"panel-collapse collapse \" aria-labelledby=\"toggle_155d96a0c15249741\"><div class=\"panel-body toggle-content fusion-clearfix\">\n<p>S\u00ed, los SPA est\u00e1n abiertos y climatizados todo el a\u00f1o.<\/p>\n<\/div><\/div><\/div><div class=\"fusion-panel panel-default panel-9e6a0557965462a12 fusion-toggle-has-divider\"><div class=\"panel-heading\"><h4 class=\"panel-title toggle\" id=\"toggle_9e6a0557965462a12\"><a aria-expanded=\"false\" aria-controls=\"9e6a0557965462a12\" role=\"button\" data-toggle=\"collapse\" data-parent=\"#accordion-2856-1\" data-target=\"#9e6a0557965462a12\" href=\"#9e6a0557965462a12\"><span class=\"fusion-toggle-icon-wrapper\" aria-hidden=\"true\"><i class=\"fa-fusion-box active-icon awb-icon-minus\" aria-hidden=\"true\"><\/i><i class=\"fa-fusion-box inactive-icon awb-icon-plus\" aria-hidden=\"true\"><\/i><\/span><span class=\"fusion-toggle-heading\">\u00bfHay SPA en todos los alojamientos?<\/span><\/a><\/h4><\/div><div id=\"9e6a0557965462a12\" class=\"panel-collapse collapse \" aria-labelledby=\"toggle_9e6a0557965462a12\"><div class=\"panel-body toggle-content fusion-clearfix\">\n<p>Los SPA est\u00e1n disponibles en todos los alojamientos para parejas, pero no en los lodges.<\/p>\n<\/div><\/div><\/div><div class=\"fusion-panel panel-default panel-6be903514d3d5fd65 fusion-toggle-has-divider\"><div class=\"panel-heading\"><h4 class=\"panel-title toggle\" id=\"toggle_6be903514d3d5fd65\"><a aria-expanded=\"false\" aria-controls=\"6be903514d3d5fd65\" role=\"button\" data-toggle=\"collapse\" data-parent=\"#accordion-2856-1\" data-target=\"#6be903514d3d5fd65\" href=\"#6be903514d3d5fd65\"><span class=\"fusion-toggle-icon-wrapper\" aria-hidden=\"true\"><i class=\"fa-fusion-box active-icon awb-icon-minus\" aria-hidden=\"true\"><\/i><i class=\"fa-fusion-box inactive-icon awb-icon-plus\" aria-hidden=\"true\"><\/i><\/span><span class=\"fusion-toggle-heading\">\u00bfTienen calefacci\u00f3n los SPA?<\/span><\/a><\/h4><\/div><div id=\"6be903514d3d5fd65\" class=\"panel-collapse collapse \" aria-labelledby=\"toggle_6be903514d3d5fd65\"><div class=\"panel-body toggle-content fusion-clearfix\">\n<p>S\u00ed, los SPA se calientan en cuanto se alquila el alojamiento, as\u00ed que para algunos todo el a\u00f1o. La temperatura media del agua es de 38\u00b0C, un poco m\u00e1s alta en invierno y un poco m\u00e1s baja en verano. Est\u00e1n aislados y son especialmente populares cuando el tiempo fuera es fresco o incluso fr\u00edo.<\/p>\n<\/div><\/div><\/div><div class=\"fusion-panel panel-default panel-6193dee1333272faf fusion-toggle-has-divider\"><div class=\"panel-heading\"><h4 class=\"panel-title toggle\" id=\"toggle_6193dee1333272faf\"><a aria-expanded=\"false\" aria-controls=\"6193dee1333272faf\" role=\"button\" data-toggle=\"collapse\" data-parent=\"#accordion-2856-1\" data-target=\"#6193dee1333272faf\" href=\"#6193dee1333272faf\"><span class=\"fusion-toggle-icon-wrapper\" aria-hidden=\"true\"><i class=\"fa-fusion-box active-icon awb-icon-minus\" aria-hidden=\"true\"><\/i><i class=\"fa-fusion-box inactive-icon awb-icon-plus\" aria-hidden=\"true\"><\/i><\/span><span class=\"fusion-toggle-heading\">\u00bfC\u00f3mo se limpian las ZPE?<\/span><\/a><\/h4><\/div><div id=\"6193dee1333272faf\" class=\"panel-collapse collapse \" aria-labelledby=\"toggle_6193dee1333272faf\"><div class=\"panel-body toggle-content fusion-clearfix\">\n<p>Los SPA se limpian y comprueban a diario (lista de control). El sistema de tratamiento elegido utiliza cloro, un principio que garantiza una excelente higiene del agua.<\/p>\n<\/div><\/div><\/div><\/div><\/div><\/div><\/div><\/div><\/div><\/p>\n","protected":false},"excerpt":{"rendered":"","protected":false},"author":1,"featured_media":0,"parent":0,"menu_order":0,"comment_status":"closed","ping_status":"closed","template":"100-width.php","meta":{"footnotes":""},"class_list":["post-2856","page","type-page","status-publish","hentry"],"yoast_head":"<!-- This site is optimized with the Yoast SEO Premium plugin v22.0 (Yoast SEO v26.5) - https:\/\/yoast.com\/wordpress\/plugins\/seo\/ -->\n<title>Utilizaci\u00f3n del Spa de Lo Rey du Lac<\/title>\n<meta name=\"description\" content=\"Todos nuestros ins\u00f3litos alojamientos cuentan con un SPA privado, climatizado todo el a\u00f1o.\" \/>\n<meta name=\"robots\" content=\"index, follow, max-snippet:-1, max-image-preview:large, max-video-preview:-1\" \/>\n<link rel=\"canonical\" href=\"https:\/\/loreydulac.com\/es\/las-zpe-y-su-uso\/\" \/>\n<meta property=\"og:locale\" content=\"es_ES\" \/>\n<meta property=\"og:type\" content=\"article\" \/>\n<meta property=\"og:title\" content=\"Las ZPE y su uso\" \/>\n<meta property=\"og:description\" content=\"Todos nuestros ins\u00f3litos alojamientos cuentan con un SPA privado, climatizado todo el a\u00f1o.\" \/>\n<meta property=\"og:url\" content=\"https:\/\/loreydulac.com\/es\/las-zpe-y-su-uso\/\" \/>\n<meta property=\"og:site_name\" content=\"Lo Rey du Lac - H\u00e9bergements Insolites \u00e0 Hossegor\" \/>\n<meta property=\"article:publisher\" content=\"https:\/\/www.facebook.com\/loreydulac\" \/>\n<meta property=\"article:modified_time\" content=\"2024-03-04T14:26:13+00:00\" \/>\n<meta name=\"twitter:card\" content=\"summary_large_image\" \/>\n<meta name=\"twitter:label1\" content=\"Tiempo de lectura\" \/>\n\t<meta name=\"twitter:data1\" content=\"7 minutos\" \/>\n<script type=\"application\/ld+json\" class=\"yoast-schema-graph\">{\"@context\":\"https:\/\/schema.org\",\"@graph\":[{\"@type\":\"WebPage\",\"@id\":\"https:\/\/loreydulac.com\/es\/las-zpe-y-su-uso\/\",\"url\":\"https:\/\/loreydulac.com\/es\/las-zpe-y-su-uso\/\",\"name\":\"Utilizaci\u00f3n del Spa de Lo Rey du Lac\",\"isPartOf\":{\"@id\":\"https:\/\/loreydulac.com\/es\/#website\"},\"datePublished\":\"2024-02-05T13:21:56+00:00\",\"dateModified\":\"2024-03-04T14:26:13+00:00\",\"description\":\"Todos nuestros ins\u00f3litos alojamientos cuentan con un SPA privado, climatizado todo el a\u00f1o.\",\"breadcrumb\":{\"@id\":\"https:\/\/loreydulac.com\/es\/las-zpe-y-su-uso\/#breadcrumb\"},\"inLanguage\":\"es\",\"potentialAction\":[{\"@type\":\"ReadAction\",\"target\":[\"https:\/\/loreydulac.com\/es\/las-zpe-y-su-uso\/\"]}]},{\"@type\":\"BreadcrumbList\",\"@id\":\"https:\/\/loreydulac.com\/es\/las-zpe-y-su-uso\/#breadcrumb\",\"itemListElement\":[{\"@type\":\"ListItem\",\"position\":1,\"name\":\"Accueil\",\"item\":\"https:\/\/loreydulac.com\/es\/inicio\/\"},{\"@type\":\"ListItem\",\"position\":2,\"name\":\"Las ZPE y su uso\"}]},{\"@type\":\"WebSite\",\"@id\":\"https:\/\/loreydulac.com\/es\/#website\",\"url\":\"https:\/\/loreydulac.com\/es\/\",\"name\":\"Lo Rey du Lac - H\u00e9bergements Insolites \u00e0 Hossegor\",\"description\":\"H\u00e9bergements Insolites nature depuis 2013\",\"publisher\":{\"@id\":\"https:\/\/loreydulac.com\/es\/#organization\"},\"potentialAction\":[{\"@type\":\"SearchAction\",\"target\":{\"@type\":\"EntryPoint\",\"urlTemplate\":\"https:\/\/loreydulac.com\/es\/?s={search_term_string}\"},\"query-input\":{\"@type\":\"PropertyValueSpecification\",\"valueRequired\":true,\"valueName\":\"search_term_string\"}}],\"inLanguage\":\"es\"},{\"@type\":[\"Organization\",\"Place\"],\"@id\":\"https:\/\/loreydulac.com\/es\/#organization\",\"name\":\"Lo Rey du Lac - H\u00e9bergements Insolites \u00e0 Hossegor\",\"url\":\"https:\/\/loreydulac.com\/es\/\",\"logo\":{\"@id\":\"https:\/\/loreydulac.com\/es\/las-zpe-y-su-uso\/#local-main-organization-logo\"},\"image\":{\"@id\":\"https:\/\/loreydulac.com\/es\/las-zpe-y-su-uso\/#local-main-organization-logo\"},\"sameAs\":[\"https:\/\/www.facebook.com\/loreydulac\",\"https:\/\/www.instagram.com\/loreydulac\/\"],\"telephone\":[],\"openingHoursSpecification\":[{\"@type\":\"OpeningHoursSpecification\",\"dayOfWeek\":[\"Monday\",\"Tuesday\",\"Wednesday\",\"Thursday\",\"Friday\",\"Saturday\",\"Sunday\"],\"opens\":\"09:00\",\"closes\":\"17:00\"}]},{\"@type\":\"ImageObject\",\"inLanguage\":\"es\",\"@id\":\"https:\/\/loreydulac.com\/es\/las-zpe-y-su-uso\/#local-main-organization-logo\",\"url\":\"https:\/\/loreydulac.com\/wp-content\/uploads\/2024\/02\/Logo.png\",\"contentUrl\":\"https:\/\/loreydulac.com\/wp-content\/uploads\/2024\/02\/Logo.png\",\"width\":500,\"height\":500,\"caption\":\"Lo Rey du Lac - H\u00e9bergements Insolites \u00e0 Hossegor\"}]}<\/script>\n<!-- \/ Yoast SEO Premium plugin. -->","yoast_head_json":{"title":"Utilizaci\u00f3n del Spa de Lo Rey du Lac","description":"Todos nuestros ins\u00f3litos alojamientos cuentan con un SPA privado, climatizado todo el a\u00f1o.","robots":{"index":"index","follow":"follow","max-snippet":"max-snippet:-1","max-image-preview":"max-image-preview:large","max-video-preview":"max-video-preview:-1"},"canonical":"https:\/\/loreydulac.com\/es\/las-zpe-y-su-uso\/","og_locale":"es_ES","og_type":"article","og_title":"Las ZPE y su uso","og_description":"Todos nuestros ins\u00f3litos alojamientos cuentan con un SPA privado, climatizado todo el a\u00f1o.","og_url":"https:\/\/loreydulac.com\/es\/las-zpe-y-su-uso\/","og_site_name":"Lo Rey du Lac - H\u00e9bergements Insolites \u00e0 Hossegor","article_publisher":"https:\/\/www.facebook.com\/loreydulac","article_modified_time":"2024-03-04T14:26:13+00:00","twitter_card":"summary_large_image","twitter_misc":{"Tiempo de lectura":"7 minutos"},"schema":{"@context":"https:\/\/schema.org","@graph":[{"@type":"WebPage","@id":"https:\/\/loreydulac.com\/es\/las-zpe-y-su-uso\/","url":"https:\/\/loreydulac.com\/es\/las-zpe-y-su-uso\/","name":"Utilizaci\u00f3n del Spa de Lo Rey du Lac","isPartOf":{"@id":"https:\/\/loreydulac.com\/es\/#website"},"datePublished":"2024-02-05T13:21:56+00:00","dateModified":"2024-03-04T14:26:13+00:00","description":"Todos nuestros ins\u00f3litos alojamientos cuentan con un SPA privado, climatizado todo el a\u00f1o.","breadcrumb":{"@id":"https:\/\/loreydulac.com\/es\/las-zpe-y-su-uso\/#breadcrumb"},"inLanguage":"es","potentialAction":[{"@type":"ReadAction","target":["https:\/\/loreydulac.com\/es\/las-zpe-y-su-uso\/"]}]},{"@type":"BreadcrumbList","@id":"https:\/\/loreydulac.com\/es\/las-zpe-y-su-uso\/#breadcrumb","itemListElement":[{"@type":"ListItem","position":1,"name":"Accueil","item":"https:\/\/loreydulac.com\/es\/inicio\/"},{"@type":"ListItem","position":2,"name":"Las ZPE y su uso"}]},{"@type":"WebSite","@id":"https:\/\/loreydulac.com\/es\/#website","url":"https:\/\/loreydulac.com\/es\/","name":"Lo Rey du Lac - H\u00e9bergements Insolites \u00e0 Hossegor","description":"H\u00e9bergements Insolites nature depuis 2013","publisher":{"@id":"https:\/\/loreydulac.com\/es\/#organization"},"potentialAction":[{"@type":"SearchAction","target":{"@type":"EntryPoint","urlTemplate":"https:\/\/loreydulac.com\/es\/?s={search_term_string}"},"query-input":{"@type":"PropertyValueSpecification","valueRequired":true,"valueName":"search_term_string"}}],"inLanguage":"es"},{"@type":["Organization","Place"],"@id":"https:\/\/loreydulac.com\/es\/#organization","name":"Lo Rey du Lac - H\u00e9bergements Insolites \u00e0 Hossegor","url":"https:\/\/loreydulac.com\/es\/","logo":{"@id":"https:\/\/loreydulac.com\/es\/las-zpe-y-su-uso\/#local-main-organization-logo"},"image":{"@id":"https:\/\/loreydulac.com\/es\/las-zpe-y-su-uso\/#local-main-organization-logo"},"sameAs":["https:\/\/www.facebook.com\/loreydulac","https:\/\/www.instagram.com\/loreydulac\/"],"telephone":[],"openingHoursSpecification":[{"@type":"OpeningHoursSpecification","dayOfWeek":["Monday","Tuesday","Wednesday","Thursday","Friday","Saturday","Sunday"],"opens":"09:00","closes":"17:00"}]},{"@type":"ImageObject","inLanguage":"es","@id":"https:\/\/loreydulac.com\/es\/las-zpe-y-su-uso\/#local-main-organization-logo","url":"https:\/\/loreydulac.com\/wp-content\/uploads\/2024\/02\/Logo.png","contentUrl":"https:\/\/loreydulac.com\/wp-content\/uploads\/2024\/02\/Logo.png","width":500,"height":500,"caption":"Lo Rey du Lac - H\u00e9bergements Insolites \u00e0 Hossegor"}]}},"_links":{"self":[{"href":"https:\/\/loreydulac.com\/es\/wp-json\/wp\/v2\/pages\/2856","targetHints":{"allow":["GET"]}}],"collection":[{"href":"https:\/\/loreydulac.com\/es\/wp-json\/wp\/v2\/pages"}],"about":[{"href":"https:\/\/loreydulac.com\/es\/wp-json\/wp\/v2\/types\/page"}],"author":[{"embeddable":true,"href":"https:\/\/loreydulac.com\/es\/wp-json\/wp\/v2\/users\/1"}],"replies":[{"embeddable":true,"href":"https:\/\/loreydulac.com\/es\/wp-json\/wp\/v2\/comments?post=2856"}],"version-history":[{"count":10,"href":"https:\/\/loreydulac.com\/es\/wp-json\/wp\/v2\/pages\/2856\/revisions"}],"predecessor-version":[{"id":2885,"href":"https:\/\/loreydulac.com\/es\/wp-json\/wp\/v2\/pages\/2856\/revisions\/2885"}],"wp:attachment":[{"href":"https:\/\/loreydulac.com\/es\/wp-json\/wp\/v2\/media?parent=2856"}],"curies":[{"name":"wp","href":"https:\/\/api.w.org\/{rel}","templated":true}]}}