{"id":2760,"date":"2024-02-05T14:20:39","date_gmt":"2024-02-05T13:20:39","guid":{"rendered":"https:\/\/loreydulac.com\/commitments\/"},"modified":"2024-03-04T14:47:50","modified_gmt":"2024-03-04T13:47:50","slug":"commitments","status":"publish","type":"page","link":"https:\/\/loreydulac.com\/en\/commitments\/","title":{"rendered":"Commitments"},"content":{"rendered":"<p><div class=\"fusion-bg-parallax\" data-bg-align=\"center center\" data-direction=\"down\" data-mute=\"false\" data-opacity=\"100\" data-velocity=\"-0.3\" data-mobile-enabled=\"false\" data-break_parents=\"0\" data-bg-image=\"https:\/\/loreydulac.com\/wp-content\/uploads\/2024\/02\/Lit-Petit-Lodge-1200x801.webp\" data-bg-repeat=\"false\" ><\/div><div class=\"fusion-fullwidth fullwidth-box fusion-builder-row-1 fusion-flex-container has-pattern-background has-mask-background fusion-parallax-down nonhundred-percent-fullwidth non-hundred-percent-height-scrolling fusion-animated\" style=\"--awb-border-radius-top-left:0px;--awb-border-radius-top-right:0px;--awb-border-radius-bottom-right:0px;--awb-border-radius-bottom-left:0px;--awb-padding-top:75.931px;--awb-padding-bottom:75.9306px;--awb-padding-top-small:80px;--awb-padding-bottom-small:80px;--awb-margin-bottom:0px;--awb-background-image:url(&quot;https:\/\/loreydulac.com\/wp-content\/uploads\/2024\/02\/Lit-Petit-Lodge-1200x801.webp&quot;);--awb-background-size:cover;--awb-flex-wrap:wrap;--awb-animation-color:var(--awb-color3);\" data-animationType=\"revealInLeft\" data-animationDuration=\"1.2\" data-animationOffset=\"top-into-view\" ><div class=\"fusion-builder-row fusion-row fusion-flex-align-items-flex-start fusion-flex-content-wrap\" style=\"max-width:1248px;margin-left: calc(-4% \/ 2 );margin-right: calc(-4% \/ 2 );\"><div class=\"fusion-layout-column fusion_builder_column fusion-builder-column-0 fusion_builder_column_1_1 1_1 fusion-flex-column\" style=\"--awb-bg-color:rgba(255,255,255,0.55);--awb-bg-color-hover:rgba(255,255,255,0.55);--awb-bg-size:cover;--awb-width-large:100%;--awb-margin-top-large:0px;--awb-spacing-right-large:1.92%;--awb-margin-bottom-large:20px;--awb-spacing-left-large:1.92%;--awb-width-medium:100%;--awb-order-medium:0;--awb-spacing-right-medium:1.92%;--awb-spacing-left-medium:1.92%;--awb-width-small:100%;--awb-order-small:0;--awb-spacing-right-small:1.92%;--awb-spacing-left-small:1.92%;\"><div class=\"fusion-column-wrapper fusion-column-has-shadow fusion-flex-justify-content-flex-start fusion-content-layout-column\"><div class=\"fusion-title title fusion-title-1 fusion-no-small-visibility fusion-sep-none fusion-title-center fusion-title-text fusion-title-size-one\" style=\"--awb-text-color:var(--awb-color8);--awb-margin-bottom:20px;--awb-margin-bottom-small:20px;\"><h1 class=\"fusion-title-heading title-heading-center\" style=\"margin:0;\">Our commitments and values<\/h1><\/div><\/div><\/div><\/div><\/div><div class=\"fusion-fullwidth fullwidth-box fusion-builder-row-2 fusion-flex-container has-pattern-background has-mask-background nonhundred-percent-fullwidth non-hundred-percent-height-scrolling\" style=\"--awb-border-radius-top-left:0px;--awb-border-radius-top-right:0px;--awb-border-radius-bottom-right:0px;--awb-border-radius-bottom-left:0px;--awb-flex-wrap:wrap;\" ><div class=\"fusion-builder-row fusion-row fusion-flex-align-items-flex-start fusion-flex-content-wrap\" style=\"max-width:1248px;margin-left: calc(-4% \/ 2 );margin-right: calc(-4% \/ 2 );\"><div class=\"fusion-layout-column fusion_builder_column fusion-builder-column-1 fusion_builder_column_1_1 1_1 fusion-flex-column\" style=\"--awb-bg-size:cover;--awb-width-large:100%;--awb-margin-top-large:25px;--awb-spacing-right-large:1.92%;--awb-margin-bottom-large:20px;--awb-spacing-left-large:1.92%;--awb-width-medium:100%;--awb-order-medium:0;--awb-spacing-right-medium:1.92%;--awb-spacing-left-medium:1.92%;--awb-width-small:100%;--awb-order-small:0;--awb-spacing-right-small:1.92%;--awb-spacing-left-small:1.92%;\"><div class=\"fusion-column-wrapper fusion-column-has-shadow fusion-flex-justify-content-flex-start fusion-content-layout-column\"><div class=\"fusion-text fusion-text-1\"><p>Our&nbsp;<b>family structure<\/b>&nbsp;was built around a&nbsp;<b>objective<\/b>&nbsp;:&nbsp;<b>satisfy<\/b>&nbsp;our customers by offering them&nbsp;<b>unusual night<\/b>&nbsp;in one of our accommodations. To do this, we wanted to make a commitment and take advantage of&nbsp;<b>values<\/b>&nbsp;that we believe in, to create an activity that reflects who we are and puts a smile on our guests&#8217; faces. Sharing our daily life with you is one of our priorities, but above all we want to offer you an exceptional experience in every detail, from the beginning to the end of your<b>&nbsp;stay at Lo Rey du lac<\/b>. We would like to establish with our guests a&nbsp;<b>relationship of trust<\/b>, so that they feel at home with us. The<b>&nbsp;commitments of Lo Rey du lac<\/b>&nbsp;? A&nbsp;<b>home-cooked breakfast<\/b>, which we prepare for you every morning using&nbsp;<b>fresh products<\/b>, for your pleasure and&nbsp;a <b>treat<\/b>, a&nbsp;<b>natural environment<\/b>&nbsp;which we protect with all our might, and a high level of<b>&nbsp;cleanliness in our accommodation,&nbsp;<\/b>even in the middle of nowhere. Find out more about our&nbsp;<b>corporate values<\/b>&nbsp;? We&#8217;ll explain everything in detail below&nbsp;!<\/p>\n<p>At Lo Rey du lac, our hearty breakfast is our pride and joy. Our family-run business makes a point of serving you a fresh, homemade breakfast every morning, to get your day off to a good start and end your stay with us on a high note.<\/p>\n<p>We made this choice right from the opening of our&nbsp; accommodation: to offer you fresh, quality products, lovingly prepared by ourselves.<\/p>\n<p>You&#8217;ll have the pleasure of tasting our delicious traditional brioche, entirely homemade and baked every morning at dawn. We include tasty homemade pastries in your breakfast basket, and vary the pleasures with new recipes every morning. Among the many delicacies made in our kitchen, you&#8217;ll find cr\u00eapes, pancakes, Breton specialties, cookies, brownies and shortbread. We take care of you by sharing our know-how and making our best pastries, most of them family recipes.<\/p>\n<p>To add a touch of freshness to our breakfast, we offer a fresh fruit salad every day. We carefully select the best seasonal fruit, and your fruit salad is made just minutes before we bring your basket to you. At Lo Rey du lac, our greatest joy is treating you and seeing your smile when you return your empty basket&nbsp;!<\/p>\n<p>Nature is an integral part of our business, and central to our corporate vision, because without it, our unusual accommodations could not exist. That&#8217;s why we&#8217;ve chosen to pamper and protect her. Our daily activities take us through a pine forest, a family estate that we strive to maintain and preserve.<\/p>\n<p>&nbsp;<\/p>\n<p>To offer you total immersion in our privileged environment, we have opted to limit motorized vehicles. We have a parking lot where you can park your vehicle, but access to our unusual accommodations is on foot, right in the heart of our forest. You&#8217;ll have the chance to stroll through an incredible natural area, where numerous plant species flourish with the passing seasons.<\/p>\n<p>&nbsp;<\/p>\n<p>At Lo Rey du lac, we live in harmony with nature. It is of the utmost importance to us. On a daily basis, this environment transmits so much energy, peace and good vibes that we owe it to ourselves and to you to preserve it. We are fortunate to live surrounded by forest animals. We assume that we live in their homes, not the other way around. That&#8217;s why we&#8217;re counting on you to respect them as much as possible by letting them evolve in their natural habitat. All our apartments are equipped with waste garbage cans for you to dispose of your garbage. Out of respect for our beautiful forest, we ask you to help us keep it clean.<\/p>\n<p>The cleanliness of our&nbsp;&nbsp;is one of our daily missions. At Lo Rey du lac, cleaning is meticulously carried out every day by our team, after each departure. We don&#8217;t compromise on the quality of our service: our aim is to provide you with the very best.<\/p>\n<p>That&#8217;s why our teams are on hand every day to thoroughly clean your accommodation. Showers and toilets are disinfected, and the kitchenette area, fridge, coffee machine, microwave and crockery are cleaned. The bed is completely made up and the sheets washed in professional machines. Towels and bathrobes are also renewed.<\/p>\n<p>Our maintenance team also performs a complete cleaning of the&nbsp;<a href=\"https:\/\/loreydulac.com\/en\/spas-and-their-use\/\" target=\"_blank\" rel=\"noopener\">private spa<\/a>, as well as a thorough chlorine and pH check.<\/p>\n<p>We leave nothing to chance&nbsp;: we put our professionalism and high standards at your service to ensure impeccable cleanliness. Before you arrive, we&#8217;ll do a final check of your accommodation to ensure that everything is in order and that we can welcome you in the best possible conditions. Your satisfaction is our greatest reward&nbsp;<\/p>\n<\/div><\/div><\/div><\/div><\/div><\/p>\n","protected":false},"excerpt":{"rendered":"","protected":false},"author":1,"featured_media":0,"parent":0,"menu_order":0,"comment_status":"closed","ping_status":"closed","template":"100-width.php","meta":{"footnotes":""},"class_list":["post-2760","page","type-page","status-publish","hentry"],"yoast_head":"<!-- This site is optimized with the Yoast SEO Premium plugin v22.0 (Yoast SEO v26.5) - https:\/\/yoast.com\/wordpress\/plugins\/seo\/ -->\n<title>Lo Rey du lac&#039;s commitments - Unusual accommodation<\/title>\n<meta name=\"description\" content=\"We do our utmost to ensure your satisfaction during your stay with us. Discover Lo Rey du lac&#039;s commitments.\" \/>\n<meta name=\"robots\" content=\"index, follow, max-snippet:-1, max-image-preview:large, max-video-preview:-1\" \/>\n<link rel=\"canonical\" href=\"https:\/\/loreydulac.com\/en\/commitments\/\" \/>\n<meta property=\"og:locale\" content=\"en_US\" \/>\n<meta property=\"og:type\" content=\"article\" \/>\n<meta property=\"og:title\" content=\"Commitments\" \/>\n<meta property=\"og:description\" content=\"We do our utmost to ensure your satisfaction during your stay with us. Discover Lo Rey du lac&#039;s commitments.\" \/>\n<meta property=\"og:url\" content=\"https:\/\/loreydulac.com\/en\/commitments\/\" \/>\n<meta property=\"og:site_name\" content=\"Lo Rey du Lac - H\u00e9bergements Insolites \u00e0 Hossegor\" \/>\n<meta property=\"article:publisher\" content=\"https:\/\/www.facebook.com\/loreydulac\" \/>\n<meta property=\"article:modified_time\" content=\"2024-03-04T13:47:50+00:00\" \/>\n<meta name=\"twitter:card\" content=\"summary_large_image\" \/>\n<meta name=\"twitter:label1\" content=\"Est. reading time\" \/>\n\t<meta name=\"twitter:data1\" content=\"9 minutes\" \/>\n<script type=\"application\/ld+json\" class=\"yoast-schema-graph\">{\"@context\":\"https:\/\/schema.org\",\"@graph\":[{\"@type\":\"WebPage\",\"@id\":\"https:\/\/loreydulac.com\/en\/commitments\/\",\"url\":\"https:\/\/loreydulac.com\/en\/commitments\/\",\"name\":\"Lo Rey du lac's commitments - Unusual accommodation\",\"isPartOf\":{\"@id\":\"https:\/\/loreydulac.com\/en\/#website\"},\"datePublished\":\"2024-02-05T13:20:39+00:00\",\"dateModified\":\"2024-03-04T13:47:50+00:00\",\"description\":\"We do our utmost to ensure your satisfaction during your stay with us. Discover Lo Rey du lac's commitments.\",\"breadcrumb\":{\"@id\":\"https:\/\/loreydulac.com\/en\/commitments\/#breadcrumb\"},\"inLanguage\":\"en-US\",\"potentialAction\":[{\"@type\":\"ReadAction\",\"target\":[\"https:\/\/loreydulac.com\/en\/commitments\/\"]}]},{\"@type\":\"BreadcrumbList\",\"@id\":\"https:\/\/loreydulac.com\/en\/commitments\/#breadcrumb\",\"itemListElement\":[{\"@type\":\"ListItem\",\"position\":1,\"name\":\"Accueil\",\"item\":\"https:\/\/loreydulac.com\/en\/home\/\"},{\"@type\":\"ListItem\",\"position\":2,\"name\":\"Commitments\"}]},{\"@type\":\"WebSite\",\"@id\":\"https:\/\/loreydulac.com\/en\/#website\",\"url\":\"https:\/\/loreydulac.com\/en\/\",\"name\":\"Lo Rey du Lac - H\u00e9bergements Insolites \u00e0 Hossegor\",\"description\":\"H\u00e9bergements Insolites nature depuis 2013\",\"publisher\":{\"@id\":\"https:\/\/loreydulac.com\/en\/#organization\"},\"potentialAction\":[{\"@type\":\"SearchAction\",\"target\":{\"@type\":\"EntryPoint\",\"urlTemplate\":\"https:\/\/loreydulac.com\/en\/?s={search_term_string}\"},\"query-input\":{\"@type\":\"PropertyValueSpecification\",\"valueRequired\":true,\"valueName\":\"search_term_string\"}}],\"inLanguage\":\"en-US\"},{\"@type\":[\"Organization\",\"Place\"],\"@id\":\"https:\/\/loreydulac.com\/en\/#organization\",\"name\":\"Lo Rey du Lac - H\u00e9bergements Insolites \u00e0 Hossegor\",\"url\":\"https:\/\/loreydulac.com\/en\/\",\"logo\":{\"@id\":\"https:\/\/loreydulac.com\/en\/commitments\/#local-main-organization-logo\"},\"image\":{\"@id\":\"https:\/\/loreydulac.com\/en\/commitments\/#local-main-organization-logo\"},\"sameAs\":[\"https:\/\/www.facebook.com\/loreydulac\",\"https:\/\/www.instagram.com\/loreydulac\/\"],\"telephone\":[],\"openingHoursSpecification\":[{\"@type\":\"OpeningHoursSpecification\",\"dayOfWeek\":[\"Monday\",\"Tuesday\",\"Wednesday\",\"Thursday\",\"Friday\",\"Saturday\",\"Sunday\"],\"opens\":\"09:00\",\"closes\":\"17:00\"}]},{\"@type\":\"ImageObject\",\"inLanguage\":\"en-US\",\"@id\":\"https:\/\/loreydulac.com\/en\/commitments\/#local-main-organization-logo\",\"url\":\"https:\/\/loreydulac.com\/wp-content\/uploads\/2024\/02\/Logo.png\",\"contentUrl\":\"https:\/\/loreydulac.com\/wp-content\/uploads\/2024\/02\/Logo.png\",\"width\":500,\"height\":500,\"caption\":\"Lo Rey du Lac - H\u00e9bergements Insolites \u00e0 Hossegor\"}]}<\/script>\n<!-- \/ Yoast SEO Premium plugin. -->","yoast_head_json":{"title":"Lo Rey du lac's commitments - Unusual accommodation","description":"We do our utmost to ensure your satisfaction during your stay with us. Discover Lo Rey du lac's commitments.","robots":{"index":"index","follow":"follow","max-snippet":"max-snippet:-1","max-image-preview":"max-image-preview:large","max-video-preview":"max-video-preview:-1"},"canonical":"https:\/\/loreydulac.com\/en\/commitments\/","og_locale":"en_US","og_type":"article","og_title":"Commitments","og_description":"We do our utmost to ensure your satisfaction during your stay with us. Discover Lo Rey du lac's commitments.","og_url":"https:\/\/loreydulac.com\/en\/commitments\/","og_site_name":"Lo Rey du Lac - H\u00e9bergements Insolites \u00e0 Hossegor","article_publisher":"https:\/\/www.facebook.com\/loreydulac","article_modified_time":"2024-03-04T13:47:50+00:00","twitter_card":"summary_large_image","twitter_misc":{"Est. reading time":"9 minutes"},"schema":{"@context":"https:\/\/schema.org","@graph":[{"@type":"WebPage","@id":"https:\/\/loreydulac.com\/en\/commitments\/","url":"https:\/\/loreydulac.com\/en\/commitments\/","name":"Lo Rey du lac's commitments - Unusual accommodation","isPartOf":{"@id":"https:\/\/loreydulac.com\/en\/#website"},"datePublished":"2024-02-05T13:20:39+00:00","dateModified":"2024-03-04T13:47:50+00:00","description":"We do our utmost to ensure your satisfaction during your stay with us. Discover Lo Rey du lac's commitments.","breadcrumb":{"@id":"https:\/\/loreydulac.com\/en\/commitments\/#breadcrumb"},"inLanguage":"en-US","potentialAction":[{"@type":"ReadAction","target":["https:\/\/loreydulac.com\/en\/commitments\/"]}]},{"@type":"BreadcrumbList","@id":"https:\/\/loreydulac.com\/en\/commitments\/#breadcrumb","itemListElement":[{"@type":"ListItem","position":1,"name":"Accueil","item":"https:\/\/loreydulac.com\/en\/home\/"},{"@type":"ListItem","position":2,"name":"Commitments"}]},{"@type":"WebSite","@id":"https:\/\/loreydulac.com\/en\/#website","url":"https:\/\/loreydulac.com\/en\/","name":"Lo Rey du Lac - H\u00e9bergements Insolites \u00e0 Hossegor","description":"H\u00e9bergements Insolites nature depuis 2013","publisher":{"@id":"https:\/\/loreydulac.com\/en\/#organization"},"potentialAction":[{"@type":"SearchAction","target":{"@type":"EntryPoint","urlTemplate":"https:\/\/loreydulac.com\/en\/?s={search_term_string}"},"query-input":{"@type":"PropertyValueSpecification","valueRequired":true,"valueName":"search_term_string"}}],"inLanguage":"en-US"},{"@type":["Organization","Place"],"@id":"https:\/\/loreydulac.com\/en\/#organization","name":"Lo Rey du Lac - H\u00e9bergements Insolites \u00e0 Hossegor","url":"https:\/\/loreydulac.com\/en\/","logo":{"@id":"https:\/\/loreydulac.com\/en\/commitments\/#local-main-organization-logo"},"image":{"@id":"https:\/\/loreydulac.com\/en\/commitments\/#local-main-organization-logo"},"sameAs":["https:\/\/www.facebook.com\/loreydulac","https:\/\/www.instagram.com\/loreydulac\/"],"telephone":[],"openingHoursSpecification":[{"@type":"OpeningHoursSpecification","dayOfWeek":["Monday","Tuesday","Wednesday","Thursday","Friday","Saturday","Sunday"],"opens":"09:00","closes":"17:00"}]},{"@type":"ImageObject","inLanguage":"en-US","@id":"https:\/\/loreydulac.com\/en\/commitments\/#local-main-organization-logo","url":"https:\/\/loreydulac.com\/wp-content\/uploads\/2024\/02\/Logo.png","contentUrl":"https:\/\/loreydulac.com\/wp-content\/uploads\/2024\/02\/Logo.png","width":500,"height":500,"caption":"Lo Rey du Lac - H\u00e9bergements Insolites \u00e0 Hossegor"}]}},"_links":{"self":[{"href":"https:\/\/loreydulac.com\/en\/wp-json\/wp\/v2\/pages\/2760","targetHints":{"allow":["GET"]}}],"collection":[{"href":"https:\/\/loreydulac.com\/en\/wp-json\/wp\/v2\/pages"}],"about":[{"href":"https:\/\/loreydulac.com\/en\/wp-json\/wp\/v2\/types\/page"}],"author":[{"embeddable":true,"href":"https:\/\/loreydulac.com\/en\/wp-json\/wp\/v2\/users\/1"}],"replies":[{"embeddable":true,"href":"https:\/\/loreydulac.com\/en\/wp-json\/wp\/v2\/comments?post=2760"}],"version-history":[{"count":1,"href":"https:\/\/loreydulac.com\/en\/wp-json\/wp\/v2\/pages\/2760\/revisions"}],"predecessor-version":[{"id":2766,"href":"https:\/\/loreydulac.com\/en\/wp-json\/wp\/v2\/pages\/2760\/revisions\/2766"}],"wp:attachment":[{"href":"https:\/\/loreydulac.com\/en\/wp-json\/wp\/v2\/media?parent=2760"}],"curies":[{"name":"wp","href":"https:\/\/api.w.org\/{rel}","templated":true}]}}