{"id":2749,"date":"2024-02-05T14:21:56","date_gmt":"2024-02-05T13:21:56","guid":{"rendered":"https:\/\/loreydulac.com\/spas-and-their-use\/"},"modified":"2024-03-04T14:47:50","modified_gmt":"2024-03-04T13:47:50","slug":"spas-and-their-use","status":"publish","type":"page","link":"https:\/\/loreydulac.com\/en\/spas-and-their-use\/","title":{"rendered":"SPAs and their use"},"content":{"rendered":"<p><div class=\"fusion-bg-parallax\" data-bg-align=\"left bottom\" data-direction=\"down\" data-mute=\"false\" data-opacity=\"100\" data-velocity=\"-0.3\" data-mobile-enabled=\"false\" data-break_parents=\"0\" data-bg-image=\"http:\/\/loreydulac.com\/wp-content\/uploads\/2024\/02\/SPA-Privatif-Kota.webp\" data-bg-repeat=\"false\" ><\/div><div class=\"fusion-fullwidth fullwidth-box fusion-builder-row-1 fusion-flex-container has-pattern-background has-mask-background fusion-parallax-down nonhundred-percent-fullwidth non-hundred-percent-height-scrolling fusion-animated\" style=\"--awb-background-position:left bottom;--awb-border-radius-top-left:0px;--awb-border-radius-top-right:0px;--awb-border-radius-bottom-right:0px;--awb-border-radius-bottom-left:0px;--awb-padding-top:75.931px;--awb-padding-bottom:75.9306px;--awb-padding-top-small:80px;--awb-padding-bottom-small:80px;--awb-margin-bottom:0px;--awb-background-image:url(&quot;http:\/\/loreydulac.com\/wp-content\/uploads\/2024\/02\/SPA-Privatif-Kota.webp&quot;);--awb-background-size:cover;--awb-flex-wrap:wrap;--awb-animation-color:var(--awb-color3);\" data-animationType=\"revealInLeft\" data-animationDuration=\"1.2\" data-animationOffset=\"top-into-view\" ><div class=\"fusion-builder-row fusion-row fusion-flex-align-items-flex-start fusion-flex-content-wrap\" style=\"max-width:1248px;margin-left: calc(-4% \/ 2 );margin-right: calc(-4% \/ 2 );\"><div class=\"fusion-layout-column fusion_builder_column fusion-builder-column-0 fusion_builder_column_1_1 1_1 fusion-flex-column\" style=\"--awb-bg-color:rgba(255,255,255,0.55);--awb-bg-color-hover:rgba(255,255,255,0.55);--awb-bg-size:cover;--awb-width-large:100%;--awb-margin-top-large:0px;--awb-spacing-right-large:1.92%;--awb-margin-bottom-large:20px;--awb-spacing-left-large:1.92%;--awb-width-medium:100%;--awb-order-medium:0;--awb-spacing-right-medium:1.92%;--awb-spacing-left-medium:1.92%;--awb-width-small:100%;--awb-order-small:0;--awb-spacing-right-small:1.92%;--awb-spacing-left-small:1.92%;\"><div class=\"fusion-column-wrapper fusion-column-has-shadow fusion-flex-justify-content-flex-start fusion-content-layout-column\"><div class=\"fusion-title title fusion-title-1 fusion-no-small-visibility fusion-sep-none fusion-title-center fusion-title-text fusion-title-size-one\" style=\"--awb-text-color:var(--awb-color8);--awb-margin-bottom:20px;--awb-margin-bottom-small:20px;\"><h1 class=\"fusion-title-heading title-heading-center\" style=\"margin:0;\">SPAs and their use<\/h1><\/div><\/div><\/div><\/div><\/div><div class=\"fusion-fullwidth fullwidth-box fusion-builder-row-2 fusion-flex-container has-pattern-background has-mask-background nonhundred-percent-fullwidth non-hundred-percent-height-scrolling\" style=\"--awb-border-radius-top-left:0px;--awb-border-radius-top-right:0px;--awb-border-radius-bottom-right:0px;--awb-border-radius-bottom-left:0px;--awb-flex-wrap:wrap;\" ><div class=\"fusion-builder-row fusion-row fusion-flex-align-items-flex-start fusion-flex-content-wrap\" style=\"max-width:1248px;margin-left: calc(-4% \/ 2 );margin-right: calc(-4% \/ 2 );\"><div class=\"fusion-layout-column fusion_builder_column fusion-builder-column-1 fusion_builder_column_1_1 1_1 fusion-flex-column\" style=\"--awb-bg-size:cover;--awb-width-large:100%;--awb-margin-top-large:25px;--awb-spacing-right-large:1.92%;--awb-margin-bottom-large:20px;--awb-spacing-left-large:1.92%;--awb-width-medium:100%;--awb-order-medium:0;--awb-spacing-right-medium:1.92%;--awb-spacing-left-medium:1.92%;--awb-width-small:100%;--awb-order-small:0;--awb-spacing-right-small:1.92%;--awb-spacing-left-small:1.92%;\"><div class=\"fusion-column-wrapper fusion-column-has-shadow fusion-flex-justify-content-flex-start fusion-content-layout-column\"><div class=\"fusion-text fusion-text-1\"><p>We&#8217;ve always made a point of offering you the <strong>very best in comfort<\/strong>. That&#8217;s why, as soon as the first Bulle was created, a SPA <a href=\"https:\/\/softub.fr\/\">Softub<\/a> was installed. And that&#8217;s the case in all our couple accommodations. Our SPAs have a <strong>rigid structure<\/strong>, but are covered inside and out with insulating foam that&#8217;s <strong>pleasant to<\/strong> the touch.<\/p>\n<p><strong>Every day<\/strong> of the year, our SPAs are meticulously <strong>cleaned<\/strong>, and pH and chlorine levels are measured and adjusted to provide you with the best possible conditions on the day of your arrival. A little bonus: shortly before your arrival, we add a little essential oil.<\/p>\n<p>We heat our SPAs all year round to a temperature of around 38\u00b0C. Pregnant women are strongly advised not to use the SPA.<\/p>\n<p>If you still want to enjoy it, please let us know so that we can lower the operating temperature to 36\u00b0.<\/p>\n<p>Using your SPA couldn&#8217;t be easier: we&#8217;ll explain how it works on arrival. An information sheet is also available in each accommodation.<\/p>\n<p>A quick reminder: before any use, you must take a shower. We strongly advise against using it for more than 2 hours at a time.<\/p>\n<ul>\n<li><strong>Smoking<\/strong>, heat sources and sharp objects are <strong>strictly prohibited<\/strong> in or near the SPA.<\/li>\n<li>SPAs <strong>are not <\/strong>recommended <strong>for pregnant women<\/strong>. In every personal situation, you need to have a doctor&#8217;s opinion in advance and tell us to lower the water temperature to 36\u00b0.<\/li>\n<li><strong>Children under 16 are not allowed<\/strong> to use the SPA.<\/li>\n<li>The use of SPAs is <strong>forbidden in stormy weather<\/strong>.<\/li>\n<li>It is <strong>strongly recommended<\/strong> not to do long sessions, <strong>never more than 2 hours<\/strong>, but rather several sessions in between (in the evening, early morning, etc.).<\/li>\n<li>The SPA is a moment of relaxation, and we ask for the utmost discretion.<\/li>\n<\/ul>\n<\/div><div class=\"accordian fusion-accordian\" style=\"--awb-border-size:1px;--awb-icon-size:16px;--awb-content-font-size:var(--awb-typography4-font-size);--awb-icon-alignment:left;--awb-hover-color:var(--awb-color2);--awb-border-color:var(--awb-color3);--awb-background-color:var(--awb-color1);--awb-divider-color:var(--awb-color3);--awb-divider-hover-color:var(--awb-color3);--awb-icon-color:var(--awb-color1);--awb-title-color:var(--awb-color8);--awb-content-color:var(--awb-color8);--awb-icon-box-color:var(--awb-color8);--awb-toggle-hover-accent-color:var(--awb-color5);--awb-title-font-family:var(--awb-typography1-font-family);--awb-title-font-weight:var(--awb-typography1-font-weight);--awb-title-font-style:var(--awb-typography1-font-style);--awb-title-font-size:16px;--awb-content-font-family:var(--awb-typography4-font-family);--awb-content-font-weight:var(--awb-typography4-font-weight);--awb-content-font-style:var(--awb-typography4-font-style);\"><div class=\"panel-group fusion-toggle-icon-boxed\" id=\"accordion-2749-1\"><div class=\"fusion-panel panel-default panel-94200c25de9d70b08 fusion-toggle-has-divider\"><div class=\"panel-heading\"><h4 class=\"panel-title toggle\" id=\"toggle_94200c25de9d70b08\"><a aria-expanded=\"false\" aria-controls=\"94200c25de9d70b08\" role=\"button\" data-toggle=\"collapse\" data-parent=\"#accordion-2749-1\" data-target=\"#94200c25de9d70b08\" href=\"#94200c25de9d70b08\"><span class=\"fusion-toggle-icon-wrapper\" aria-hidden=\"true\"><i class=\"fa-fusion-box active-icon awb-icon-minus\" aria-hidden=\"true\"><\/i><i class=\"fa-fusion-box inactive-icon awb-icon-plus\" aria-hidden=\"true\"><\/i><\/span><span class=\"fusion-toggle-heading\">Are SPAs open in winter?<\/span><\/a><\/h4><\/div><div id=\"94200c25de9d70b08\" class=\"panel-collapse collapse \" aria-labelledby=\"toggle_94200c25de9d70b08\"><div class=\"panel-body toggle-content fusion-clearfix\">\n<p>Yes, the SPAs are open and heated all year round.<\/p>\n<\/div><\/div><\/div><div class=\"fusion-panel panel-default panel-3b5a6fdd834377dc5 fusion-toggle-has-divider\"><div class=\"panel-heading\"><h4 class=\"panel-title toggle\" id=\"toggle_3b5a6fdd834377dc5\"><a aria-expanded=\"false\" aria-controls=\"3b5a6fdd834377dc5\" role=\"button\" data-toggle=\"collapse\" data-parent=\"#accordion-2749-1\" data-target=\"#3b5a6fdd834377dc5\" href=\"#3b5a6fdd834377dc5\"><span class=\"fusion-toggle-icon-wrapper\" aria-hidden=\"true\"><i class=\"fa-fusion-box active-icon awb-icon-minus\" aria-hidden=\"true\"><\/i><i class=\"fa-fusion-box inactive-icon awb-icon-plus\" aria-hidden=\"true\"><\/i><\/span><span class=\"fusion-toggle-heading\">Are SPAs available in all accommodations?<\/span><\/a><\/h4><\/div><div id=\"3b5a6fdd834377dc5\" class=\"panel-collapse collapse \" aria-labelledby=\"toggle_3b5a6fdd834377dc5\"><div class=\"panel-body toggle-content fusion-clearfix\">\n<p>SPAs are available in all couples accommodations, but not in lodges.<\/p>\n<\/div><\/div><\/div><div class=\"fusion-panel panel-default panel-14945631ff87b60e1 fusion-toggle-has-divider\"><div class=\"panel-heading\"><h4 class=\"panel-title toggle\" id=\"toggle_14945631ff87b60e1\"><a aria-expanded=\"false\" aria-controls=\"14945631ff87b60e1\" role=\"button\" data-toggle=\"collapse\" data-parent=\"#accordion-2749-1\" data-target=\"#14945631ff87b60e1\" href=\"#14945631ff87b60e1\"><span class=\"fusion-toggle-icon-wrapper\" aria-hidden=\"true\"><i class=\"fa-fusion-box active-icon awb-icon-minus\" aria-hidden=\"true\"><\/i><i class=\"fa-fusion-box inactive-icon awb-icon-plus\" aria-hidden=\"true\"><\/i><\/span><span class=\"fusion-toggle-heading\">Are the SPAs heated?<\/span><\/a><\/h4><\/div><div id=\"14945631ff87b60e1\" class=\"panel-collapse collapse \" aria-labelledby=\"toggle_14945631ff87b60e1\"><div class=\"panel-body toggle-content fusion-clearfix\">\n<p>Yes, the SPAs are all heated as soon as the accommodation is rented out, so all year round for some. The water temperature averages 38\u00b0, a little higher in winter and a little lower in summer. They are insulated and particularly appreciated when the weather outside is cool or even cold.<\/p>\n<\/div><\/div><\/div><div class=\"fusion-panel panel-default panel-008c8827b7faae3ff fusion-toggle-has-divider\"><div class=\"panel-heading\"><h4 class=\"panel-title toggle\" id=\"toggle_008c8827b7faae3ff\"><a aria-expanded=\"false\" aria-controls=\"008c8827b7faae3ff\" role=\"button\" data-toggle=\"collapse\" data-parent=\"#accordion-2749-1\" data-target=\"#008c8827b7faae3ff\" href=\"#008c8827b7faae3ff\"><span class=\"fusion-toggle-icon-wrapper\" aria-hidden=\"true\"><i class=\"fa-fusion-box active-icon awb-icon-minus\" aria-hidden=\"true\"><\/i><i class=\"fa-fusion-box inactive-icon awb-icon-plus\" aria-hidden=\"true\"><\/i><\/span><span class=\"fusion-toggle-heading\">How are SPAs cleaned?<\/span><\/a><\/h4><\/div><div id=\"008c8827b7faae3ff\" class=\"panel-collapse collapse \" aria-labelledby=\"toggle_008c8827b7faae3ff\"><div class=\"panel-body toggle-content fusion-clearfix\">\n<p>The SPAs are cleaned and checked daily (checklist). The chosen treatment system uses chlorine, a principle that guarantees excellent water hygiene.<\/p>\n<\/div><\/div><\/div><\/div><\/div><\/div><\/div><\/div><\/div><\/p>\n","protected":false},"excerpt":{"rendered":"","protected":false},"author":1,"featured_media":0,"parent":0,"menu_order":0,"comment_status":"closed","ping_status":"closed","template":"100-width.php","meta":{"footnotes":""},"class_list":["post-2749","page","type-page","status-publish","hentry"],"yoast_head":"<!-- This site is optimized with the Yoast SEO Premium plugin v22.0 (Yoast SEO v26.5) - https:\/\/yoast.com\/wordpress\/plugins\/seo\/ -->\n<title>Using the Lo Rey du Lac Spa<\/title>\n<meta name=\"description\" content=\"All our unusual accommodations have a private SPA, heated all year round.\" \/>\n<meta name=\"robots\" content=\"index, follow, max-snippet:-1, max-image-preview:large, max-video-preview:-1\" \/>\n<link rel=\"canonical\" href=\"https:\/\/loreydulac.com\/en\/spas-and-their-use\/\" \/>\n<meta property=\"og:locale\" content=\"en_US\" \/>\n<meta property=\"og:type\" content=\"article\" \/>\n<meta property=\"og:title\" content=\"SPAs and their use\" \/>\n<meta property=\"og:description\" content=\"All our unusual accommodations have a private SPA, heated all year round.\" \/>\n<meta property=\"og:url\" content=\"https:\/\/loreydulac.com\/en\/spas-and-their-use\/\" \/>\n<meta property=\"og:site_name\" content=\"Lo Rey du Lac - H\u00e9bergements Insolites \u00e0 Hossegor\" \/>\n<meta property=\"article:publisher\" content=\"https:\/\/www.facebook.com\/loreydulac\" \/>\n<meta property=\"article:modified_time\" content=\"2024-03-04T13:47:50+00:00\" \/>\n<meta name=\"twitter:card\" content=\"summary_large_image\" \/>\n<meta name=\"twitter:label1\" content=\"Est. reading time\" \/>\n\t<meta name=\"twitter:data1\" content=\"7 minutes\" \/>\n<script type=\"application\/ld+json\" class=\"yoast-schema-graph\">{\"@context\":\"https:\/\/schema.org\",\"@graph\":[{\"@type\":\"WebPage\",\"@id\":\"https:\/\/loreydulac.com\/en\/spas-and-their-use\/\",\"url\":\"https:\/\/loreydulac.com\/en\/spas-and-their-use\/\",\"name\":\"Using the Lo Rey du Lac Spa\",\"isPartOf\":{\"@id\":\"https:\/\/loreydulac.com\/en\/#website\"},\"datePublished\":\"2024-02-05T13:21:56+00:00\",\"dateModified\":\"2024-03-04T13:47:50+00:00\",\"description\":\"All our unusual accommodations have a private SPA, heated all year round.\",\"breadcrumb\":{\"@id\":\"https:\/\/loreydulac.com\/en\/spas-and-their-use\/#breadcrumb\"},\"inLanguage\":\"en-US\",\"potentialAction\":[{\"@type\":\"ReadAction\",\"target\":[\"https:\/\/loreydulac.com\/en\/spas-and-their-use\/\"]}]},{\"@type\":\"BreadcrumbList\",\"@id\":\"https:\/\/loreydulac.com\/en\/spas-and-their-use\/#breadcrumb\",\"itemListElement\":[{\"@type\":\"ListItem\",\"position\":1,\"name\":\"Accueil\",\"item\":\"https:\/\/loreydulac.com\/en\/home\/\"},{\"@type\":\"ListItem\",\"position\":2,\"name\":\"SPAs and their use\"}]},{\"@type\":\"WebSite\",\"@id\":\"https:\/\/loreydulac.com\/en\/#website\",\"url\":\"https:\/\/loreydulac.com\/en\/\",\"name\":\"Lo Rey du Lac - H\u00e9bergements Insolites \u00e0 Hossegor\",\"description\":\"H\u00e9bergements Insolites nature depuis 2013\",\"publisher\":{\"@id\":\"https:\/\/loreydulac.com\/en\/#organization\"},\"potentialAction\":[{\"@type\":\"SearchAction\",\"target\":{\"@type\":\"EntryPoint\",\"urlTemplate\":\"https:\/\/loreydulac.com\/en\/?s={search_term_string}\"},\"query-input\":{\"@type\":\"PropertyValueSpecification\",\"valueRequired\":true,\"valueName\":\"search_term_string\"}}],\"inLanguage\":\"en-US\"},{\"@type\":[\"Organization\",\"Place\"],\"@id\":\"https:\/\/loreydulac.com\/en\/#organization\",\"name\":\"Lo Rey du Lac - H\u00e9bergements Insolites \u00e0 Hossegor\",\"url\":\"https:\/\/loreydulac.com\/en\/\",\"logo\":{\"@id\":\"https:\/\/loreydulac.com\/en\/spas-and-their-use\/#local-main-organization-logo\"},\"image\":{\"@id\":\"https:\/\/loreydulac.com\/en\/spas-and-their-use\/#local-main-organization-logo\"},\"sameAs\":[\"https:\/\/www.facebook.com\/loreydulac\",\"https:\/\/www.instagram.com\/loreydulac\/\"],\"telephone\":[],\"openingHoursSpecification\":[{\"@type\":\"OpeningHoursSpecification\",\"dayOfWeek\":[\"Monday\",\"Tuesday\",\"Wednesday\",\"Thursday\",\"Friday\",\"Saturday\",\"Sunday\"],\"opens\":\"09:00\",\"closes\":\"17:00\"}]},{\"@type\":\"ImageObject\",\"inLanguage\":\"en-US\",\"@id\":\"https:\/\/loreydulac.com\/en\/spas-and-their-use\/#local-main-organization-logo\",\"url\":\"https:\/\/loreydulac.com\/wp-content\/uploads\/2024\/02\/Logo.png\",\"contentUrl\":\"https:\/\/loreydulac.com\/wp-content\/uploads\/2024\/02\/Logo.png\",\"width\":500,\"height\":500,\"caption\":\"Lo Rey du Lac - H\u00e9bergements Insolites \u00e0 Hossegor\"}]}<\/script>\n<!-- \/ Yoast SEO Premium plugin. -->","yoast_head_json":{"title":"Using the Lo Rey du Lac Spa","description":"All our unusual accommodations have a private SPA, heated all year round.","robots":{"index":"index","follow":"follow","max-snippet":"max-snippet:-1","max-image-preview":"max-image-preview:large","max-video-preview":"max-video-preview:-1"},"canonical":"https:\/\/loreydulac.com\/en\/spas-and-their-use\/","og_locale":"en_US","og_type":"article","og_title":"SPAs and their use","og_description":"All our unusual accommodations have a private SPA, heated all year round.","og_url":"https:\/\/loreydulac.com\/en\/spas-and-their-use\/","og_site_name":"Lo Rey du Lac - H\u00e9bergements Insolites \u00e0 Hossegor","article_publisher":"https:\/\/www.facebook.com\/loreydulac","article_modified_time":"2024-03-04T13:47:50+00:00","twitter_card":"summary_large_image","twitter_misc":{"Est. reading time":"7 minutes"},"schema":{"@context":"https:\/\/schema.org","@graph":[{"@type":"WebPage","@id":"https:\/\/loreydulac.com\/en\/spas-and-their-use\/","url":"https:\/\/loreydulac.com\/en\/spas-and-their-use\/","name":"Using the Lo Rey du Lac Spa","isPartOf":{"@id":"https:\/\/loreydulac.com\/en\/#website"},"datePublished":"2024-02-05T13:21:56+00:00","dateModified":"2024-03-04T13:47:50+00:00","description":"All our unusual accommodations have a private SPA, heated all year round.","breadcrumb":{"@id":"https:\/\/loreydulac.com\/en\/spas-and-their-use\/#breadcrumb"},"inLanguage":"en-US","potentialAction":[{"@type":"ReadAction","target":["https:\/\/loreydulac.com\/en\/spas-and-their-use\/"]}]},{"@type":"BreadcrumbList","@id":"https:\/\/loreydulac.com\/en\/spas-and-their-use\/#breadcrumb","itemListElement":[{"@type":"ListItem","position":1,"name":"Accueil","item":"https:\/\/loreydulac.com\/en\/home\/"},{"@type":"ListItem","position":2,"name":"SPAs and their use"}]},{"@type":"WebSite","@id":"https:\/\/loreydulac.com\/en\/#website","url":"https:\/\/loreydulac.com\/en\/","name":"Lo Rey du Lac - H\u00e9bergements Insolites \u00e0 Hossegor","description":"H\u00e9bergements Insolites nature depuis 2013","publisher":{"@id":"https:\/\/loreydulac.com\/en\/#organization"},"potentialAction":[{"@type":"SearchAction","target":{"@type":"EntryPoint","urlTemplate":"https:\/\/loreydulac.com\/en\/?s={search_term_string}"},"query-input":{"@type":"PropertyValueSpecification","valueRequired":true,"valueName":"search_term_string"}}],"inLanguage":"en-US"},{"@type":["Organization","Place"],"@id":"https:\/\/loreydulac.com\/en\/#organization","name":"Lo Rey du Lac - H\u00e9bergements Insolites \u00e0 Hossegor","url":"https:\/\/loreydulac.com\/en\/","logo":{"@id":"https:\/\/loreydulac.com\/en\/spas-and-their-use\/#local-main-organization-logo"},"image":{"@id":"https:\/\/loreydulac.com\/en\/spas-and-their-use\/#local-main-organization-logo"},"sameAs":["https:\/\/www.facebook.com\/loreydulac","https:\/\/www.instagram.com\/loreydulac\/"],"telephone":[],"openingHoursSpecification":[{"@type":"OpeningHoursSpecification","dayOfWeek":["Monday","Tuesday","Wednesday","Thursday","Friday","Saturday","Sunday"],"opens":"09:00","closes":"17:00"}]},{"@type":"ImageObject","inLanguage":"en-US","@id":"https:\/\/loreydulac.com\/en\/spas-and-their-use\/#local-main-organization-logo","url":"https:\/\/loreydulac.com\/wp-content\/uploads\/2024\/02\/Logo.png","contentUrl":"https:\/\/loreydulac.com\/wp-content\/uploads\/2024\/02\/Logo.png","width":500,"height":500,"caption":"Lo Rey du Lac - H\u00e9bergements Insolites \u00e0 Hossegor"}]}},"_links":{"self":[{"href":"https:\/\/loreydulac.com\/en\/wp-json\/wp\/v2\/pages\/2749","targetHints":{"allow":["GET"]}}],"collection":[{"href":"https:\/\/loreydulac.com\/en\/wp-json\/wp\/v2\/pages"}],"about":[{"href":"https:\/\/loreydulac.com\/en\/wp-json\/wp\/v2\/types\/page"}],"author":[{"embeddable":true,"href":"https:\/\/loreydulac.com\/en\/wp-json\/wp\/v2\/users\/1"}],"replies":[{"embeddable":true,"href":"https:\/\/loreydulac.com\/en\/wp-json\/wp\/v2\/comments?post=2749"}],"version-history":[{"count":10,"href":"https:\/\/loreydulac.com\/en\/wp-json\/wp\/v2\/pages\/2749\/revisions"}],"predecessor-version":[{"id":2778,"href":"https:\/\/loreydulac.com\/en\/wp-json\/wp\/v2\/pages\/2749\/revisions\/2778"}],"wp:attachment":[{"href":"https:\/\/loreydulac.com\/en\/wp-json\/wp\/v2\/media?parent=2749"}],"curies":[{"name":"wp","href":"https:\/\/api.w.org\/{rel}","templated":true}]}}