{"id":2708,"date":"2024-02-05T14:10:10","date_gmt":"2024-02-05T13:10:10","guid":{"rendered":"https:\/\/loreydulac.com\/terms-and-conditions-of-sale\/"},"modified":"2024-03-04T14:45:29","modified_gmt":"2024-03-04T13:45:29","slug":"terms-and-conditions-of-sale","status":"publish","type":"page","link":"https:\/\/loreydulac.com\/en\/terms-and-conditions-of-sale\/","title":{"rendered":"Terms and conditions of sale"},"content":{"rendered":"<p><div class=\"fusion-fullwidth fullwidth-box fusion-builder-row-1 fusion-flex-container has-pattern-background has-mask-background nonhundred-percent-fullwidth non-hundred-percent-height-scrolling fusion-animated\" style=\"--awb-background-position:center top;--awb-border-radius-top-left:0px;--awb-border-radius-top-right:0px;--awb-border-radius-bottom-right:0px;--awb-border-radius-bottom-left:0px;--awb-padding-top:75.931px;--awb-padding-bottom:75.9306px;--awb-padding-top-small:80px;--awb-padding-bottom-small:80px;--awb-margin-bottom:0px;--awb-background-color:var(--awb-color6);--awb-flex-wrap:wrap;--awb-animation-color:var(--awb-color3);\" data-animationType=\"revealInLeft\" data-animationDuration=\"1.2\" data-animationOffset=\"top-into-view\" ><div class=\"fusion-builder-row fusion-row fusion-flex-align-items-flex-start fusion-flex-content-wrap\" style=\"max-width:1248px;margin-left: calc(-4% \/ 2 );margin-right: calc(-4% \/ 2 );\"><div class=\"fusion-layout-column fusion_builder_column fusion-builder-column-0 fusion_builder_column_1_1 1_1 fusion-flex-column\" style=\"--awb-bg-color:rgba(255,255,255,0.55);--awb-bg-color-hover:rgba(255,255,255,0.55);--awb-bg-size:cover;--awb-width-large:100%;--awb-margin-top-large:0px;--awb-spacing-right-large:1.92%;--awb-margin-bottom-large:20px;--awb-spacing-left-large:1.92%;--awb-width-medium:100%;--awb-order-medium:0;--awb-spacing-right-medium:1.92%;--awb-spacing-left-medium:1.92%;--awb-width-small:100%;--awb-order-small:0;--awb-spacing-right-small:1.92%;--awb-spacing-left-small:1.92%;\"><div class=\"fusion-column-wrapper fusion-column-has-shadow fusion-flex-justify-content-flex-start fusion-content-layout-column\"><div class=\"fusion-title title fusion-title-1 fusion-no-small-visibility fusion-sep-none fusion-title-center fusion-title-text fusion-title-size-one\" style=\"--awb-text-color:var(--awb-color8);--awb-margin-bottom:20px;--awb-margin-bottom-small:20px;\"><h1 class=\"fusion-title-heading title-heading-center\" style=\"margin:0;\">Terms &amp; Conditions<\/h1><\/div><\/div><\/div><\/div><\/div><div class=\"fusion-fullwidth fullwidth-box fusion-builder-row-2 fusion-flex-container has-pattern-background has-mask-background nonhundred-percent-fullwidth non-hundred-percent-height-scrolling\" style=\"--awb-border-radius-top-left:0px;--awb-border-radius-top-right:0px;--awb-border-radius-bottom-right:0px;--awb-border-radius-bottom-left:0px;--awb-flex-wrap:wrap;\" ><div class=\"fusion-builder-row fusion-row fusion-flex-align-items-flex-start fusion-flex-content-wrap\" style=\"max-width:1248px;margin-left: calc(-4% \/ 2 );margin-right: calc(-4% \/ 2 );\"><div class=\"fusion-layout-column fusion_builder_column fusion-builder-column-1 fusion_builder_column_1_1 1_1 fusion-flex-column\" style=\"--awb-bg-size:cover;--awb-width-large:100%;--awb-margin-top-large:0px;--awb-spacing-right-large:1.92%;--awb-margin-bottom-large:20px;--awb-spacing-left-large:1.92%;--awb-width-medium:100%;--awb-order-medium:0;--awb-spacing-right-medium:1.92%;--awb-spacing-left-medium:1.92%;--awb-width-small:100%;--awb-order-small:0;--awb-spacing-right-small:1.92%;--awb-spacing-left-small:1.92%;\"><div class=\"fusion-column-wrapper fusion-column-has-shadow fusion-flex-justify-content-flex-start fusion-content-layout-column\"><div class=\"fusion-text fusion-text-1\"><h3>Terms and conditions of sale<\/h3>\n<p>1\u00b0) Regulations. For all bookings of one night in a bubble or cabin, a 100% deposit is required at the time of order. For stays of 2 nights or more, a 50% deposit is required and must be received within 8 days of our written confirmation of your booking request. In the event of non-receipt within the time limit, your option will be withdrawn. The balance must be paid on site during your stay. For gift vouchers, the full amount of the holiday offered must be paid when the order is placed. Gift vouchers are non-refundable and non-exchangeable without prior agreement from SARL Domaine du Rey. Payments can be made by secure payment system (e-transaction), bank transfer, cheque, holiday voucher and cash.<br \/>\n2\u00b0) Tariff. Prices shown on the website or in our brochures are subject to change according to economic conditions or regulatory provisions. Prices are for : * for 2 people including breakfast, all taxes included for the bubble and hut, * for maximum 4 people and <b>excluding<\/b> tourist tax for the Lodge and g\u00eete. Only the price shown on the rental contract or quotation is binding.<br \/>\n3\u00b0) Modification, cancellation of stay.<br \/>\nCustomer-driven. Cancellation of a reservation by the customer will become effective only after confirmation by e-mail or registered mail and its written consideration by Sarl Domaine du Rey.<br \/>\nCancellations received more than 30 days prior to arrival will incur a cancellation fee of \u20ac60: \u20ac50 + \u20ac10 administration fee.<br \/>\nAny cancellation or modification made less than 30 days before the start of the booked stay will result in the retention of the payment made and will not give rise to any compensation.<br \/>\nAny interruption or modification of the stay: no refund will be given in the event of interruption of the stay in progress and 100% of the remaining stay will be due.<br \/>\nBy Sarl Domaine du Rey.<br \/>\nIn the event of announced external events beyond our control, such as storms, we may have to modify or cancel your stay for safety reasons. We will then offer you alternative accommodation or postpone your stay to a later date within the next 12 months.<br \/>\n4\u00b0) Insurance. Sarl Domaine du Rey holds an insurance policy N\u00b040871886Y with Groupama. Before entering the accommodation, the customer must be able to present a valid third-party insurance policy.<\/p>\n<p><b>Terms and Conditions<\/b><\/p>\n<p>Access to accommodation is between 5pm and 7pm. They must be vacated by 11:00 a.m. on the day of departure. If you arrive after 7.00 pm, please let us know so that we can welcome you in the best possible conditions.<br \/>\nAnimals.<br \/>\nPets are <b>not allowed in our accommodations<\/b>.<br \/>\nUse of the premises.<br \/>\n<b>Guests are responsible for ensuring that the premises remain peaceful. In particular, no noisy activities (games, festive meals, music, etc.) will be tolerated after 10:00 pm and before 8:00 am.<\/b><br \/>\nThe accommodations have no individual enclosures and are set in 6 hectares of partially fenced private grounds. Guests are asked to stay close to their accommodations or to check with the owners for travel options. Without the owners&#8217; permission, it is forbidden to approach other accommodations in order to preserve the occupants&#8217; privacy.<br \/>\nVehicles are parked in a private parking lot at a distance varying between 50 (g\u00eete) and 300 meters (hut) depending on the accommodation.<br \/>\nBring appropriate footwear for outdoor activities. Customers are asked to bring their own slippers for use inside the bubble and cabin.<br \/>\nIt is strictly forbidden to smoke or light candles in the accommodation, as well as to bring in combustible materials such as stoves, kerosene lamps, barbecues, etc&#8230;<br \/>\nOutdoors, all incandescent materials may also be banned, including smoking during the red period (prefectoral decree in forest areas). The path to the accommodation is only partially lit at night. Consumption of alcohol on the site is the sole responsibility of the hirer.<br \/>\nWe take great care to ensure that our accommodation is clean and in excellent condition. We ask you to use them with due care and to return them in the condition in which you found them.<br \/>\nEquipment.<br \/>\nAll accommodations are equipped with high-comfort bedding, and each has full sanitary facilities connected to the mains drainage system (no dry toilets).<br \/>\nThe cabane and bubble have their own private SPA on the terrace.<br \/>\nThere are no safes in the accommodation and we advise you not to bring valuables into the accommodation.<br \/>\nDetails of equipment specific to each accommodation are available on request.<br \/>\n<b><br \/>\nLitigation<\/b>.<\/p>\n<p>The competent court for any dispute is Dax. Legal information: Sarl le domaine du Rey, 251 route des Lacs, 40150 Soorts-Hossegor. N\u00b0 SIRET 791 464 639 00016 RCS DAX.<\/p>\n<\/div><\/div><\/div><\/div><\/div><\/p>\n","protected":false},"excerpt":{"rendered":"","protected":false},"author":1,"featured_media":0,"parent":0,"menu_order":0,"comment_status":"closed","ping_status":"closed","template":"100-width.php","meta":{"footnotes":""},"class_list":["post-2708","page","type-page","status-publish","hentry"],"yoast_head":"<!-- This site is optimized with the Yoast SEO Premium plugin v22.0 (Yoast SEO v26.5) - https:\/\/yoast.com\/wordpress\/plugins\/seo\/ -->\n<title>Terms and conditions of sale - Lo Rey du Lac - H\u00e9bergements Insolites \u00e0 Hossegor<\/title>\n<meta name=\"robots\" content=\"index, follow, max-snippet:-1, max-image-preview:large, max-video-preview:-1\" \/>\n<link rel=\"canonical\" href=\"https:\/\/loreydulac.com\/en\/terms-and-conditions-of-sale\/\" \/>\n<meta property=\"og:locale\" content=\"en_US\" \/>\n<meta property=\"og:type\" content=\"article\" \/>\n<meta property=\"og:title\" content=\"Terms and conditions of sale\" \/>\n<meta property=\"og:url\" content=\"https:\/\/loreydulac.com\/en\/terms-and-conditions-of-sale\/\" \/>\n<meta property=\"og:site_name\" content=\"Lo Rey du Lac - H\u00e9bergements Insolites \u00e0 Hossegor\" \/>\n<meta property=\"article:publisher\" content=\"https:\/\/www.facebook.com\/loreydulac\" \/>\n<meta property=\"article:modified_time\" content=\"2024-03-04T13:45:29+00:00\" \/>\n<meta name=\"twitter:card\" content=\"summary_large_image\" \/>\n<meta name=\"twitter:label1\" content=\"Est. reading time\" \/>\n\t<meta name=\"twitter:data1\" content=\"9 minutes\" \/>\n<script type=\"application\/ld+json\" class=\"yoast-schema-graph\">{\"@context\":\"https:\/\/schema.org\",\"@graph\":[{\"@type\":\"WebPage\",\"@id\":\"https:\/\/loreydulac.com\/en\/terms-and-conditions-of-sale\/\",\"url\":\"https:\/\/loreydulac.com\/en\/terms-and-conditions-of-sale\/\",\"name\":\"Terms and conditions of sale - Lo Rey du Lac - H\u00e9bergements Insolites \u00e0 Hossegor\",\"isPartOf\":{\"@id\":\"https:\/\/loreydulac.com\/en\/#website\"},\"datePublished\":\"2024-02-05T13:10:10+00:00\",\"dateModified\":\"2024-03-04T13:45:29+00:00\",\"breadcrumb\":{\"@id\":\"https:\/\/loreydulac.com\/en\/terms-and-conditions-of-sale\/#breadcrumb\"},\"inLanguage\":\"en-US\",\"potentialAction\":[{\"@type\":\"ReadAction\",\"target\":[\"https:\/\/loreydulac.com\/en\/terms-and-conditions-of-sale\/\"]}]},{\"@type\":\"BreadcrumbList\",\"@id\":\"https:\/\/loreydulac.com\/en\/terms-and-conditions-of-sale\/#breadcrumb\",\"itemListElement\":[{\"@type\":\"ListItem\",\"position\":1,\"name\":\"Accueil\",\"item\":\"https:\/\/loreydulac.com\/en\/home\/\"},{\"@type\":\"ListItem\",\"position\":2,\"name\":\"Terms and conditions of sale\"}]},{\"@type\":\"WebSite\",\"@id\":\"https:\/\/loreydulac.com\/en\/#website\",\"url\":\"https:\/\/loreydulac.com\/en\/\",\"name\":\"Lo Rey du Lac - H\u00e9bergements Insolites \u00e0 Hossegor\",\"description\":\"H\u00e9bergements Insolites nature depuis 2013\",\"publisher\":{\"@id\":\"https:\/\/loreydulac.com\/en\/#organization\"},\"potentialAction\":[{\"@type\":\"SearchAction\",\"target\":{\"@type\":\"EntryPoint\",\"urlTemplate\":\"https:\/\/loreydulac.com\/en\/?s={search_term_string}\"},\"query-input\":{\"@type\":\"PropertyValueSpecification\",\"valueRequired\":true,\"valueName\":\"search_term_string\"}}],\"inLanguage\":\"en-US\"},{\"@type\":[\"Organization\",\"Place\"],\"@id\":\"https:\/\/loreydulac.com\/en\/#organization\",\"name\":\"Lo Rey du Lac - H\u00e9bergements Insolites \u00e0 Hossegor\",\"url\":\"https:\/\/loreydulac.com\/en\/\",\"logo\":{\"@id\":\"https:\/\/loreydulac.com\/en\/terms-and-conditions-of-sale\/#local-main-organization-logo\"},\"image\":{\"@id\":\"https:\/\/loreydulac.com\/en\/terms-and-conditions-of-sale\/#local-main-organization-logo\"},\"sameAs\":[\"https:\/\/www.facebook.com\/loreydulac\",\"https:\/\/www.instagram.com\/loreydulac\/\"],\"telephone\":[],\"openingHoursSpecification\":[{\"@type\":\"OpeningHoursSpecification\",\"dayOfWeek\":[\"Monday\",\"Tuesday\",\"Wednesday\",\"Thursday\",\"Friday\",\"Saturday\",\"Sunday\"],\"opens\":\"09:00\",\"closes\":\"17:00\"}]},{\"@type\":\"ImageObject\",\"inLanguage\":\"en-US\",\"@id\":\"https:\/\/loreydulac.com\/en\/terms-and-conditions-of-sale\/#local-main-organization-logo\",\"url\":\"https:\/\/loreydulac.com\/wp-content\/uploads\/2024\/02\/Logo.png\",\"contentUrl\":\"https:\/\/loreydulac.com\/wp-content\/uploads\/2024\/02\/Logo.png\",\"width\":500,\"height\":500,\"caption\":\"Lo Rey du Lac - H\u00e9bergements Insolites \u00e0 Hossegor\"}]}<\/script>\n<!-- \/ Yoast SEO Premium plugin. -->","yoast_head_json":{"title":"Terms and conditions of sale - Lo Rey du Lac - H\u00e9bergements Insolites \u00e0 Hossegor","robots":{"index":"index","follow":"follow","max-snippet":"max-snippet:-1","max-image-preview":"max-image-preview:large","max-video-preview":"max-video-preview:-1"},"canonical":"https:\/\/loreydulac.com\/en\/terms-and-conditions-of-sale\/","og_locale":"en_US","og_type":"article","og_title":"Terms and conditions of sale","og_url":"https:\/\/loreydulac.com\/en\/terms-and-conditions-of-sale\/","og_site_name":"Lo Rey du Lac - H\u00e9bergements Insolites \u00e0 Hossegor","article_publisher":"https:\/\/www.facebook.com\/loreydulac","article_modified_time":"2024-03-04T13:45:29+00:00","twitter_card":"summary_large_image","twitter_misc":{"Est. reading time":"9 minutes"},"schema":{"@context":"https:\/\/schema.org","@graph":[{"@type":"WebPage","@id":"https:\/\/loreydulac.com\/en\/terms-and-conditions-of-sale\/","url":"https:\/\/loreydulac.com\/en\/terms-and-conditions-of-sale\/","name":"Terms and conditions of sale - Lo Rey du Lac - H\u00e9bergements Insolites \u00e0 Hossegor","isPartOf":{"@id":"https:\/\/loreydulac.com\/en\/#website"},"datePublished":"2024-02-05T13:10:10+00:00","dateModified":"2024-03-04T13:45:29+00:00","breadcrumb":{"@id":"https:\/\/loreydulac.com\/en\/terms-and-conditions-of-sale\/#breadcrumb"},"inLanguage":"en-US","potentialAction":[{"@type":"ReadAction","target":["https:\/\/loreydulac.com\/en\/terms-and-conditions-of-sale\/"]}]},{"@type":"BreadcrumbList","@id":"https:\/\/loreydulac.com\/en\/terms-and-conditions-of-sale\/#breadcrumb","itemListElement":[{"@type":"ListItem","position":1,"name":"Accueil","item":"https:\/\/loreydulac.com\/en\/home\/"},{"@type":"ListItem","position":2,"name":"Terms and conditions of sale"}]},{"@type":"WebSite","@id":"https:\/\/loreydulac.com\/en\/#website","url":"https:\/\/loreydulac.com\/en\/","name":"Lo Rey du Lac - H\u00e9bergements Insolites \u00e0 Hossegor","description":"H\u00e9bergements Insolites nature depuis 2013","publisher":{"@id":"https:\/\/loreydulac.com\/en\/#organization"},"potentialAction":[{"@type":"SearchAction","target":{"@type":"EntryPoint","urlTemplate":"https:\/\/loreydulac.com\/en\/?s={search_term_string}"},"query-input":{"@type":"PropertyValueSpecification","valueRequired":true,"valueName":"search_term_string"}}],"inLanguage":"en-US"},{"@type":["Organization","Place"],"@id":"https:\/\/loreydulac.com\/en\/#organization","name":"Lo Rey du Lac - H\u00e9bergements Insolites \u00e0 Hossegor","url":"https:\/\/loreydulac.com\/en\/","logo":{"@id":"https:\/\/loreydulac.com\/en\/terms-and-conditions-of-sale\/#local-main-organization-logo"},"image":{"@id":"https:\/\/loreydulac.com\/en\/terms-and-conditions-of-sale\/#local-main-organization-logo"},"sameAs":["https:\/\/www.facebook.com\/loreydulac","https:\/\/www.instagram.com\/loreydulac\/"],"telephone":[],"openingHoursSpecification":[{"@type":"OpeningHoursSpecification","dayOfWeek":["Monday","Tuesday","Wednesday","Thursday","Friday","Saturday","Sunday"],"opens":"09:00","closes":"17:00"}]},{"@type":"ImageObject","inLanguage":"en-US","@id":"https:\/\/loreydulac.com\/en\/terms-and-conditions-of-sale\/#local-main-organization-logo","url":"https:\/\/loreydulac.com\/wp-content\/uploads\/2024\/02\/Logo.png","contentUrl":"https:\/\/loreydulac.com\/wp-content\/uploads\/2024\/02\/Logo.png","width":500,"height":500,"caption":"Lo Rey du Lac - H\u00e9bergements Insolites \u00e0 Hossegor"}]}},"_links":{"self":[{"href":"https:\/\/loreydulac.com\/en\/wp-json\/wp\/v2\/pages\/2708","targetHints":{"allow":["GET"]}}],"collection":[{"href":"https:\/\/loreydulac.com\/en\/wp-json\/wp\/v2\/pages"}],"about":[{"href":"https:\/\/loreydulac.com\/en\/wp-json\/wp\/v2\/types\/page"}],"author":[{"embeddable":true,"href":"https:\/\/loreydulac.com\/en\/wp-json\/wp\/v2\/users\/1"}],"replies":[{"embeddable":true,"href":"https:\/\/loreydulac.com\/en\/wp-json\/wp\/v2\/comments?post=2708"}],"version-history":[{"count":2,"href":"https:\/\/loreydulac.com\/en\/wp-json\/wp\/v2\/pages\/2708\/revisions"}],"predecessor-version":[{"id":2713,"href":"https:\/\/loreydulac.com\/en\/wp-json\/wp\/v2\/pages\/2708\/revisions\/2713"}],"wp:attachment":[{"href":"https:\/\/loreydulac.com\/en\/wp-json\/wp\/v2\/media?parent=2708"}],"curies":[{"name":"wp","href":"https:\/\/api.w.org\/{rel}","templated":true}]}}